{"id":999,"date":"2022-05-10T14:23:39","date_gmt":"2022-05-10T12:23:39","guid":{"rendered":"https:\/\/motowalser.ch\/shop\/?post_type=product&#038;p=999"},"modified":"2024-08-13T21:14:29","modified_gmt":"2024-08-13T19:14:29","slug":"hose-rallypro-herren","status":"publish","type":"product","link":"https:\/\/motowalser.ch\/shop\/produkt\/hose-rallypro-herren\/","title":{"rendered":"Hose Rallypro Herren"},"content":{"rendered":"","protected":false},"excerpt":{"rendered":"<p>Die gel\u00e4ndetaugliche Hose RallyePro ist die richtige Bekleidung f\u00fcr Enduro-Fans und Globetrotter, die Wert auf robuste und zuverl\u00e4ssige Ausr\u00fcstung legen. Die Hose besteht aus ProTechWool, einem funktionalen Materialmix aus Polyamid und technischer Wolle. Durch das innovative Verstellsystem lassen sich die Knieprotektoren optimal platzieren.<\/p>\n<ul>\n<li>Robuste, gel\u00e4ndetaugliche Hose<\/li>\n<li>Obermaterial: 87\u00a0% Polyamid, 13\u00a0% Wolle<\/li>\n<li>Netzfutter: 100\u00a0% Polyester<\/li>\n<li>NP-Gelenkprotektoren<\/li>\n<li>Optimale Passform dank neuem Verstellsystem am Hosenbund<\/li>\n<li>Kombinierbar mit Jacke RallyePro<\/li>\n<li>Regenhose zum \u00dcberziehen ist im Umfang enthalten und als Schutzkleidung zertifiziert<\/li>\n<li>Schutzklasse und Zertifizierung:\n<ul>\n<li>Hose: AA, EN17092<\/li>\n<li>Regenhose: B, EN17092<\/li>\n<\/ul>\n<\/li>\n<\/ul>\n","protected":false},"featured_media":1116,"template":"","meta":{"_links_to":"","_links_to_target":""},"product_cat":[100,41,42],"product_tag":[104,91,120,153],"acf":[],"_links":{"self":[{"href":"https:\/\/motowalser.ch\/shop\/wp-json\/wp\/v2\/product\/999"}],"collection":[{"href":"https:\/\/motowalser.ch\/shop\/wp-json\/wp\/v2\/product"}],"about":[{"href":"https:\/\/motowalser.ch\/shop\/wp-json\/wp\/v2\/types\/product"}],"wp:featuredmedia":[{"embeddable":true,"href":"https:\/\/motowalser.ch\/shop\/wp-json\/wp\/v2\/media\/1116"}],"wp:attachment":[{"href":"https:\/\/motowalser.ch\/shop\/wp-json\/wp\/v2\/media?parent=999"}],"wp:term":[{"taxonomy":"product_cat","embeddable":true,"href":"https:\/\/motowalser.ch\/shop\/wp-json\/wp\/v2\/product_cat?post=999"},{"taxonomy":"product_tag","embeddable":true,"href":"https:\/\/motowalser.ch\/shop\/wp-json\/wp\/v2\/product_tag?post=999"}],"curies":[{"name":"wp","href":"https:\/\/api.w.org\/{rel}","templated":true}]}}