{"id":911,"date":"2022-05-10T13:58:46","date_gmt":"2022-05-10T11:58:46","guid":{"rendered":"https:\/\/motowalser.ch\/shop\/?post_type=product&#038;p=911"},"modified":"2024-08-13T21:59:43","modified_gmt":"2024-08-13T19:59:43","slug":"jacke-airshell-herren","status":"publish","type":"product","link":"https:\/\/motowalser.ch\/shop\/produkt\/jacke-airshell-herren\/","title":{"rendered":"Jacke Airshell Herren"},"content":{"rendered":"","protected":false},"excerpt":{"rendered":"<p class=\"BMWFliesstext\">Mit der Jacke AirShell ist man auf jedes Wetter vorbereitet. Durch das wind- und wasserdichte, aber atmungsaktive, Insert aus BMW\u00a0Climate\u00a0Membrane sowie der wattierten herausnehmbaren Thermo-Weste ist diese Jacke ganzj\u00e4hrig einsetzbar. Ein luftiges Tragegef\u00fchl f\u00fcr den Hochsommer, wohlige W\u00e4rme und Regenschutz f\u00fcr die k\u00e4ltere Jahreszeit &#8211; und dank Neon-Farbgebung immer gut sichtbar im Stra\u00dfenverkehr.<\/p>\n<ul>\n<li>Nachfolger der bisherigen Jacke AirShell<\/li>\n<li>Wind- und wasserdichtes sowie atmungsaktives Insert mit BMW Climate Membrane, mit \u00fcber einen Rei\u00dfverschluss herausnehmbarer, wattierter Thermo-Weste. Der neuartige Aufbau erweitert den Einsatzbereich enorm, der Fahrer kann je nach Temperatur und Wetter w\u00e4hlen zwischen:\n<ul>\n<li>ohne Insert (warm und trocken),<\/li>\n<li>nur mit Insert (ohne wattierte Thermo-Weste) (warm und nass),<\/li>\n<li>mit Insert und Thermo-Weste (kalt und nass)<\/li>\n<li>Leichte Motorradjacke in Signalfarbe Neongelb f\u00fcr optimale Sichtbarkeit im Stra\u00dfenverkehr<\/li>\n<li>Hochabriebfester und farbechter Polyamid-Polyester-Materialmix<\/li>\n<li>Herausnehmbare NPL-Protektoren an Schultern, Ellbogen und R\u00fccken<\/li>\n<li>Wind- und wasserdichtes sowie atmungsaktives Insert mit BMW\u00a0Climate\u00a0Membrane, mit herausnehmbarer, wattierter Thermo-Weste<\/li>\n<li>Gro\u00dfe luftdurchl\u00e4ssige Netzeins\u00e4tze aus hochabriebfestem AirTex<\/li>\n<li>3D-Futter im R\u00fccken f\u00fcr optimale Luftzirkulation<\/li>\n<li>2 seitliche Rei\u00dfverschlusstaschen, 1 wasserdichte Innentasche, 1\u00a0Tasche im Insert<\/li>\n<li>Druckkn\u00f6pfe am Bund sowie Klettriegel an Armabschl\u00fcssen und Kragen zur Weitenverstellung<\/li>\n<li>Reflexdruck an Armen und im Schulterbereich<\/li>\n<li>Eingefasste Abschl\u00fcsse in Rauleder-Optik<\/li>\n<li>Verbindungsrei\u00dfverschluss: 40\u00a0cm<\/li>\n<li>Regular Fit<\/li>\n<li>Farbe: Neongelb<\/li>\n<li>Gr\u00f6\u00dfen Herren: 46-60<\/li>\n<\/ul>\n<\/li>\n<\/ul>\n","protected":false},"featured_media":1114,"template":"","meta":{"_links_to":"","_links_to_target":""},"product_cat":[41,42,29],"product_tag":[148,104,76,149],"acf":[],"_links":{"self":[{"href":"https:\/\/motowalser.ch\/shop\/wp-json\/wp\/v2\/product\/911"}],"collection":[{"href":"https:\/\/motowalser.ch\/shop\/wp-json\/wp\/v2\/product"}],"about":[{"href":"https:\/\/motowalser.ch\/shop\/wp-json\/wp\/v2\/types\/product"}],"wp:featuredmedia":[{"embeddable":true,"href":"https:\/\/motowalser.ch\/shop\/wp-json\/wp\/v2\/media\/1114"}],"wp:attachment":[{"href":"https:\/\/motowalser.ch\/shop\/wp-json\/wp\/v2\/media?parent=911"}],"wp:term":[{"taxonomy":"product_cat","embeddable":true,"href":"https:\/\/motowalser.ch\/shop\/wp-json\/wp\/v2\/product_cat?post=911"},{"taxonomy":"product_tag","embeddable":true,"href":"https:\/\/motowalser.ch\/shop\/wp-json\/wp\/v2\/product_tag?post=911"}],"curies":[{"name":"wp","href":"https:\/\/api.w.org\/{rel}","templated":true}]}}