{"id":867,"date":"2022-06-13T13:57:34","date_gmt":"2022-06-13T11:57:34","guid":{"rendered":"https:\/\/motowalser.ch\/shop\/?post_type=product&#038;p=867"},"modified":"2025-11-28T19:48:13","modified_gmt":"2025-11-28T18:48:13","slug":"stiefel-gs-competition","status":"publish","type":"product","link":"https:\/\/motowalser.ch\/shop\/produkt\/stiefel-gs-competition\/","title":{"rendered":"Stiefel GS Competition"},"content":{"rendered":"","protected":false},"excerpt":{"rendered":"<p>Kompromisslose Gel\u00e4ndetauglichkeit: Der Stiefel GS Competition bringt alles mit, um abseits befestigter Stra\u00dfen bestehen zu k\u00f6nnen. Die stabile Konstruktion aus Polyurethan-Rahmen, verstellbarer Schienbeinplatte und gro\u00dffl\u00e4chigen Kunststoffelementen bietet optimalen Schutz unter extremen Fahrbedingungen.<\/p>\n<ul>\n<li>Stabiler Offroad-\/MX-Stiefel<\/li>\n<li>Oberseite aus verschlei\u00dffester Mikrofaser und mit Polyurethan-Rahmen<\/li>\n<li>Atmungsaktives Futter, mit Schaumstoff unterlegt<\/li>\n<li>Verstellbare Schienbeinplatte, individuell anpassbar<\/li>\n<li>Fersenverst\u00e4rkung und innenliegender Zehenschutz aus Polyurethan<\/li>\n<li>\u00d6l- und kraftstoffresistente, hochverschlei\u00dffeste 2K-Michelin Hybrid MX-Sohle<\/li>\n<li>Bestm\u00f6gliche Schutzfunktion dank gro\u00dffl\u00e4chig umlaufender Kunststoffelemente<\/li>\n<li>Keine Membran<\/li>\n<li>Doppelter Flex-Control-Mechanismus erm\u00f6glicht sicheren Stand und verhindert Verdrehen oder Umknicken des Sprunggelenks<\/li>\n<li>Vier einstellbare ergonomische Aluminiumschnallen (austauschbar)<\/li>\n<\/ul>\n","protected":false},"featured_media":1454,"template":"","meta":{"_links_to":"","_links_to_target":""},"product_cat":[41,42,25],"product_tag":[113,128,136,138],"acf":[],"_links":{"self":[{"href":"https:\/\/motowalser.ch\/shop\/wp-json\/wp\/v2\/product\/867"}],"collection":[{"href":"https:\/\/motowalser.ch\/shop\/wp-json\/wp\/v2\/product"}],"about":[{"href":"https:\/\/motowalser.ch\/shop\/wp-json\/wp\/v2\/types\/product"}],"wp:featuredmedia":[{"embeddable":true,"href":"https:\/\/motowalser.ch\/shop\/wp-json\/wp\/v2\/media\/1454"}],"wp:attachment":[{"href":"https:\/\/motowalser.ch\/shop\/wp-json\/wp\/v2\/media?parent=867"}],"wp:term":[{"taxonomy":"product_cat","embeddable":true,"href":"https:\/\/motowalser.ch\/shop\/wp-json\/wp\/v2\/product_cat?post=867"},{"taxonomy":"product_tag","embeddable":true,"href":"https:\/\/motowalser.ch\/shop\/wp-json\/wp\/v2\/product_tag?post=867"}],"curies":[{"name":"wp","href":"https:\/\/api.w.org\/{rel}","templated":true}]}}