{"id":826,"date":"2022-06-13T14:09:57","date_gmt":"2022-06-13T12:09:57","guid":{"rendered":"https:\/\/motowalser.ch\/shop\/?post_type=product&#038;p=826"},"modified":"2024-08-13T22:00:43","modified_gmt":"2024-08-13T20:00:43","slug":"stiefel-cruisecomfort-gtx","status":"publish","type":"product","link":"https:\/\/motowalser.ch\/shop\/produkt\/stiefel-cruisecomfort-gtx\/","title":{"rendered":"Stiefel Cruisecomfort GTX"},"content":{"rendered":"","protected":false},"excerpt":{"rendered":"<p class=\"BMWFliesstext\"><span lang=\"DE\">Die Stiefel CruiseComfort \u00fcberzeugen den Tourenfahrer mit vielen praktischen Details. Schon das Obermaterial aus einem Textil-Leder-Mix garantiert geringes Gewicht, Flexibilit\u00e4t und hohen Tragekomfort. Der Fu\u00dfbereich ist aus hydrophobiertem Rindleder gefertigt, der Schaft aus abriebfestem und leichtem Polyamid verbessert die Bel\u00fcftung. Dank der Gore-Tex\u00ae-Membran sind die Stiefel wind- und wasserdicht sowie hochgradig atmungsaktiv \u2013 und damit f\u00fcr alle Jahreszeiten geeignet. Der verdeckte lange Rei\u00dfverschluss auf der Innenseite erleichtert das An- und Ausziehen, w\u00e4hrend der breite Klettbereich an der Wade eine individuelle Weitenregulierung erlaubt. Der Schaftabschluss ist zudem mit weichem Microfiber versehen. F\u00fcr sicheren Halt auf den Rasten und ausreichend Komfort beim Stadtbummel sorgt die \u00f6l- und benzinresistente Gummilaufsohle, Reflexmaterial an der Ferse erh\u00f6ht die Sicherheit im Stra\u00dfenverkehr. Die anatomisch geformte Innensohle ist herausnehmbar und kann gewaschen werden.<\/span><\/p>\n<p>&nbsp;<\/p>\n<ul>\n<li>Einsteiger-Tourenstiefel f\u00fcr das ganze Jahr<\/li>\n<li>Obermaterial: Mix aus hydrophobiertem Rindleder und Polyamid<\/li>\n<li>Wind- und wasserdicht sowie atmungsaktiv dank Gore-Tex\u00ae-Membran<\/li>\n<\/ul>\n<p>CE-zertifiziert nach DIN\u00a0EN\u00a013634<\/p>\n","protected":false},"featured_media":1456,"template":"","meta":{"_links_to":"","_links_to_target":""},"product_cat":[41,42,25],"product_tag":[104,143,141,142,136,138],"acf":[],"_links":{"self":[{"href":"https:\/\/motowalser.ch\/shop\/wp-json\/wp\/v2\/product\/826"}],"collection":[{"href":"https:\/\/motowalser.ch\/shop\/wp-json\/wp\/v2\/product"}],"about":[{"href":"https:\/\/motowalser.ch\/shop\/wp-json\/wp\/v2\/types\/product"}],"wp:featuredmedia":[{"embeddable":true,"href":"https:\/\/motowalser.ch\/shop\/wp-json\/wp\/v2\/media\/1456"}],"wp:attachment":[{"href":"https:\/\/motowalser.ch\/shop\/wp-json\/wp\/v2\/media?parent=826"}],"wp:term":[{"taxonomy":"product_cat","embeddable":true,"href":"https:\/\/motowalser.ch\/shop\/wp-json\/wp\/v2\/product_cat?post=826"},{"taxonomy":"product_tag","embeddable":true,"href":"https:\/\/motowalser.ch\/shop\/wp-json\/wp\/v2\/product_tag?post=826"}],"curies":[{"name":"wp","href":"https:\/\/api.w.org\/{rel}","templated":true}]}}