{"id":737,"date":"2022-04-26T14:05:19","date_gmt":"2022-04-26T12:05:19","guid":{"rendered":"https:\/\/motowalser.ch\/shop\/?post_type=product&#038;p=737"},"modified":"2024-08-13T21:14:30","modified_gmt":"2024-08-13T19:14:30","slug":"hose-charlottenburg-herren","status":"publish","type":"product","link":"https:\/\/motowalser.ch\/shop\/produkt\/hose-charlottenburg-herren\/","title":{"rendered":"Hose Charlottenburg Herren"},"content":{"rendered":"","protected":false},"excerpt":{"rendered":"<p>Wertig und authentisch \u2013 so zeigt sich die Hose Charlottenburg. Sie setzt neben einem hochwertigen Look auch auf Comfort. Daf\u00fcr sprechen die elastischen Eins\u00e4tze an den Knien, die drei Taschen sowie die NP-Flex-Protektoren an der H\u00fcfte und den Knien.<\/p>\n<ul>\n<li>Hochwertige Lederhose im authentischen Stil<\/li>\n<li>Kupferfarbene Rei\u00dfverschl\u00fcsse<\/li>\n<li>Elastische Eins\u00e4tze an den Knien<\/li>\n<li>NP-Flex-Protektoren f\u00fcr H\u00fcfte und Knie<\/li>\n<li>NP-Flex-Protektoren am Knie in der H\u00f6he einstellbar<\/li>\n<li>Drei Taschen<\/li>\n<li>Standardisierter BMW\u00a0Motorrad Verbindungsrei\u00dfverschluss an der Taille, 40\u00a0cm<\/li>\n<li>Zertifiziert nach EN 17092-3:2020 (Level AA)<\/li>\n<li>Customer Type: Soulfuel<\/li>\n<\/ul>\n","protected":false},"featured_media":738,"template":"","meta":{"_links_to":"","_links_to_target":""},"product_cat":[100,108,41,42],"product_tag":[104,77,91,78,133],"acf":[],"_links":{"self":[{"href":"https:\/\/motowalser.ch\/shop\/wp-json\/wp\/v2\/product\/737"}],"collection":[{"href":"https:\/\/motowalser.ch\/shop\/wp-json\/wp\/v2\/product"}],"about":[{"href":"https:\/\/motowalser.ch\/shop\/wp-json\/wp\/v2\/types\/product"}],"wp:featuredmedia":[{"embeddable":true,"href":"https:\/\/motowalser.ch\/shop\/wp-json\/wp\/v2\/media\/738"}],"wp:attachment":[{"href":"https:\/\/motowalser.ch\/shop\/wp-json\/wp\/v2\/media?parent=737"}],"wp:term":[{"taxonomy":"product_cat","embeddable":true,"href":"https:\/\/motowalser.ch\/shop\/wp-json\/wp\/v2\/product_cat?post=737"},{"taxonomy":"product_tag","embeddable":true,"href":"https:\/\/motowalser.ch\/shop\/wp-json\/wp\/v2\/product_tag?post=737"}],"curies":[{"name":"wp","href":"https:\/\/api.w.org\/{rel}","templated":true}]}}