{"id":699,"date":"2022-04-26T13:48:15","date_gmt":"2022-04-26T11:48:15","guid":{"rendered":"https:\/\/motowalser.ch\/shop\/?post_type=product&#038;p=699"},"modified":"2024-08-13T21:14:30","modified_gmt":"2024-08-13T19:14:30","slug":"hose-gs-rallye-gtx-herren-khaki","status":"publish","type":"product","link":"https:\/\/motowalser.ch\/shop\/produkt\/hose-gs-rallye-gtx-herren-khaki\/","title":{"rendered":"Hose GS Rallye GTX Herren Khaki"},"content":{"rendered":"","protected":false},"excerpt":{"rendered":"<p>Die optimal bel\u00fcftete Hose GS\u00a0Rallye\u00a0GTX sch\u00fctzt mit ihrem wasserdichten GORE-TEX\u00ae-Outsert bestens vor Wind, schlechtem Wetter und Schmutz. Das extrem abriebfeste Polyamid-Baumwoll-Material der Hose sorgt zusammen mit NP3-Gelenkprotektoren f\u00fcr hohe Sicherheit. Den modernen Look erg\u00e4nzen praktische Details wie Rei\u00dfverschlusstaschen.<\/p>\n<ul>\n<li>Gut bel\u00fcftete Motorradhose im modernen Look mit Stretcheins\u00e4tzen inkl. wasserdichtem GORE-TEX\u00ae-Outsert f\u00fcr jedes Wetter<\/li>\n<li>Extrem abriebfestes und luftdurchl\u00e4ssiges Polyamid-Baumwoll-Material<\/li>\n<li>Rei\u00dfverschl\u00fcsse zur Bel\u00fcftung des Oberschenkels<\/li>\n<li>Geeignet f\u00fcr hei\u00dfe bis mittlere Temperaturen<\/li>\n<li>NP3-Gelenkprotektoren<\/li>\n<li>Rei\u00dfverschlusstaschen an beiden Oberschenkeln<\/li>\n<li>Stufenlos anpassbarer Hosensaum mit Klettverschluss<\/li>\n<li>Verbindungsrei\u00dfverschluss: umlaufend und kurz<\/li>\n<li>Reflektierender Druck auf Hosenbein<\/li>\n<li>Hosenbeinbreite leicht einzustellen und weit zu \u00f6ffnen<\/li>\n<li>Hosenbeinbreite per integriertem Rei\u00dfverschluss an GS\u00a0Pro Stiefel anpassbar<\/li>\n<li>Hakenbundverstellsystem<\/li>\n<li>Dehnungszone \u00fcber dem Ges\u00e4\u00df<\/li>\n<li>Lederbesatz an der Innenseite der Knie<\/li>\n<li>Schutzklasse AA, EN 17092<\/li>\n<li>Customer Type: Spirit\u00a0of\u00a0GS<\/li>\n<\/ul>\n","protected":false},"featured_media":698,"template":"","meta":{"_links_to":"","_links_to_target":""},"product_cat":[100,41,42],"product_tag":[104,128,130,91,132,112],"acf":[],"_links":{"self":[{"href":"https:\/\/motowalser.ch\/shop\/wp-json\/wp\/v2\/product\/699"}],"collection":[{"href":"https:\/\/motowalser.ch\/shop\/wp-json\/wp\/v2\/product"}],"about":[{"href":"https:\/\/motowalser.ch\/shop\/wp-json\/wp\/v2\/types\/product"}],"wp:featuredmedia":[{"embeddable":true,"href":"https:\/\/motowalser.ch\/shop\/wp-json\/wp\/v2\/media\/698"}],"wp:attachment":[{"href":"https:\/\/motowalser.ch\/shop\/wp-json\/wp\/v2\/media?parent=699"}],"wp:term":[{"taxonomy":"product_cat","embeddable":true,"href":"https:\/\/motowalser.ch\/shop\/wp-json\/wp\/v2\/product_cat?post=699"},{"taxonomy":"product_tag","embeddable":true,"href":"https:\/\/motowalser.ch\/shop\/wp-json\/wp\/v2\/product_tag?post=699"}],"curies":[{"name":"wp","href":"https:\/\/api.w.org\/{rel}","templated":true}]}}