{"id":558,"date":"2022-04-09T12:45:13","date_gmt":"2022-04-09T10:45:13","guid":{"rendered":"https:\/\/motowalser.ch\/shop\/?post_type=product&#038;p=558"},"modified":"2024-08-13T21:14:30","modified_gmt":"2024-08-13T19:14:30","slug":"hose-gs-rallye-air-herren-nachtblau","status":"publish","type":"product","link":"https:\/\/motowalser.ch\/shop\/produkt\/hose-gs-rallye-air-herren-nachtblau\/","title":{"rendered":"Hose GS Rallye AIR Herren Nachtblau"},"content":{"rendered":"","protected":false},"excerpt":{"rendered":"<p>Die Hose GS\u00a0Rallye\u00a0AIR eignet sich besonders f\u00fcr Fahrten in hei\u00dfem Klima. Das extrem abriebfeste und luftdurchl\u00e4ssige Polyamid-Material sorgt f\u00fcr optimale Bel\u00fcftung und zusammen mit mehreren NP3-Protektoren f\u00fcr hohe Sicherheit. Den modernen Look erg\u00e4nzen jeweils zwei Taschen an H\u00fcfte und Oberschenkel.<\/p>\n<ul>\n<li>\u00c4u\u00dferst luftige Hose mit Stretcheins\u00e4tzen<\/li>\n<li>Extrem abriebfestes und luftdurchl\u00e4ssiges Polyamid-Material<\/li>\n<li>Vor allem f\u00fcr hei\u00dfe Klimazonen und den Hochsommer geeignet<\/li>\n<li>NP3-Gelenkprotektoren<\/li>\n<li>Zwei Eingrifftaschen (H\u00fcfte)<\/li>\n<li>Rei\u00dfverschlusstaschen an beiden Oberschenkeln<\/li>\n<li>Reflex am Hosenbein<\/li>\n<li>Fu\u00dfbreite leicht einzustellen und weit zu \u00f6ffnen<\/li>\n<li>Hakenbundverstellsystem<\/li>\n<li>Dehnungszone \u00fcber dem Ges\u00e4\u00df<\/li>\n<li>Lederbesatz an der Innenseite der Knie<\/li>\n<li>Durch die Integration des Rei\u00dfverschlusses kann die Fu\u00dfbreite an den GS\u00a0Pro Stiefel angepasst werden<\/li>\n<li>Schutzklasse AA, EN 17092<\/li>\n<li>Customer Type: Spirit\u00a0of\u00a0GS<\/li>\n<\/ul>\n","protected":false},"featured_media":555,"template":"","meta":{"_links_to":"","_links_to_target":""},"product_cat":[100,41,42],"product_tag":[122,104,128,91,120,129],"acf":[],"_links":{"self":[{"href":"https:\/\/motowalser.ch\/shop\/wp-json\/wp\/v2\/product\/558"}],"collection":[{"href":"https:\/\/motowalser.ch\/shop\/wp-json\/wp\/v2\/product"}],"about":[{"href":"https:\/\/motowalser.ch\/shop\/wp-json\/wp\/v2\/types\/product"}],"wp:featuredmedia":[{"embeddable":true,"href":"https:\/\/motowalser.ch\/shop\/wp-json\/wp\/v2\/media\/555"}],"wp:attachment":[{"href":"https:\/\/motowalser.ch\/shop\/wp-json\/wp\/v2\/media?parent=558"}],"wp:term":[{"taxonomy":"product_cat","embeddable":true,"href":"https:\/\/motowalser.ch\/shop\/wp-json\/wp\/v2\/product_cat?post=558"},{"taxonomy":"product_tag","embeddable":true,"href":"https:\/\/motowalser.ch\/shop\/wp-json\/wp\/v2\/product_tag?post=558"}],"curies":[{"name":"wp","href":"https:\/\/api.w.org\/{rel}","templated":true}]}}