{"id":525,"date":"2024-01-24T13:38:48","date_gmt":"2024-01-24T12:38:48","guid":{"rendered":"https:\/\/motowalser.ch\/shop\/?post_type=product&#038;p=525"},"modified":"2025-06-24T20:23:13","modified_gmt":"2025-06-24T18:23:13","slug":"jacke-gs-rallye-air-herren-nachtblau","status":"publish","type":"product","link":"https:\/\/motowalser.ch\/shop\/produkt\/jacke-gs-rallye-air-herren-nachtblau\/","title":{"rendered":"Jacke GS Rallye AIR Herren Nachtblau"},"content":{"rendered":"","protected":false},"excerpt":{"rendered":"<p>Die Jacke GS\u00a0Rallye\u00a0AIR eignet sich besonders f\u00fcr Fahrten in hei\u00dfem Klima. Das extrem abriebfeste und luftdurchl\u00e4ssige Polyamid-Material sorgt f\u00fcr optimale Bel\u00fcftung und zusammen mit mehreren NP3-Protektoren f\u00fcr hohe Sicherheit. Den modernen Look erg\u00e4nzen zahlreiche Verstaum\u00f6glichkeiten und eine Tasche f\u00fcr das TrinkPak Hydra auf der R\u00fcckseite.<\/p>\n<ul>\n<li>Besonders luftige Jacke vor allem f\u00fcr hei\u00dfe Klimazonen und den Hochsommer<\/li>\n<li>Extrem abriebfestes und luftdurchl\u00e4ssiges Polyamid-Material<\/li>\n<li>NP3-Gelenkprotektoren, NP3-Long Back-Protector<\/li>\n<li>Vier Fronttaschen, eine hintere gro\u00dfe Tasche und eine kleine Tasche am \u00c4rmel<\/li>\n<li>Tasche f\u00fcr das TrinkPak Hydra auf der R\u00fcckseite, von au\u00dfen zug\u00e4nglich<\/li>\n<li>Vertikaler BMW\u00a0Motorrad Reflexdruck auf der R\u00fcckseite<\/li>\n<li>BMW Logo auf beiden \u00c4rmeln<\/li>\n<li>Schutzklasse AA, EN 17092<\/li>\n<li>Customer Type: Spirit\u00a0of\u00a0GS<\/li>\n<\/ul>\n","protected":false},"featured_media":526,"template":"","meta":{"_links_to":"","_links_to_target":""},"product_cat":[41,42,29],"product_tag":[122,104,128,76,120],"acf":[],"_links":{"self":[{"href":"https:\/\/motowalser.ch\/shop\/wp-json\/wp\/v2\/product\/525"}],"collection":[{"href":"https:\/\/motowalser.ch\/shop\/wp-json\/wp\/v2\/product"}],"about":[{"href":"https:\/\/motowalser.ch\/shop\/wp-json\/wp\/v2\/types\/product"}],"wp:featuredmedia":[{"embeddable":true,"href":"https:\/\/motowalser.ch\/shop\/wp-json\/wp\/v2\/media\/526"}],"wp:attachment":[{"href":"https:\/\/motowalser.ch\/shop\/wp-json\/wp\/v2\/media?parent=525"}],"wp:term":[{"taxonomy":"product_cat","embeddable":true,"href":"https:\/\/motowalser.ch\/shop\/wp-json\/wp\/v2\/product_cat?post=525"},{"taxonomy":"product_tag","embeddable":true,"href":"https:\/\/motowalser.ch\/shop\/wp-json\/wp\/v2\/product_tag?post=525"}],"curies":[{"name":"wp","href":"https:\/\/api.w.org\/{rel}","templated":true}]}}