{"id":514,"date":"2022-04-09T10:15:28","date_gmt":"2022-04-09T08:15:28","guid":{"rendered":"https:\/\/motowalser.ch\/shop\/?post_type=product&#038;p=514"},"modified":"2024-08-13T21:14:31","modified_gmt":"2024-08-13T19:14:31","slug":"jacke-downforce","status":"publish","type":"product","link":"https:\/\/motowalser.ch\/shop\/produkt\/jacke-downforce\/","title":{"rendered":"Jacke Downforce"},"content":{"rendered":"","protected":false},"excerpt":{"rendered":"<p>Die sportliche Jacke Downforce besticht durch ihre flexiblen Einsatzm\u00f6glichkeiten \u2013 ob f\u00fcr Fahrten in die Arbeit oder Touren von Fr\u00fchjahr bis Herbst. Protektoren an Schulter, Ellbogen und R\u00fccken sorgen f\u00fcr Sicherheit, hochwertige Materialien garantieren eine optimale Bel\u00fcftung und Komfort. Optisches Highlight ist das auff\u00e4llige M Farben Design.<\/p>\n<ul>\n<li>Sportliche Lederjacke f\u00fcr verschiedene Einsatzbereiche<\/li>\n<li>AirVent-System mit Netzfutter und separatem Zipper<\/li>\n<li>Lederstretcheins\u00e4tze an den Ellbogen<\/li>\n<li>NP3-Protektoren an Schulter und Ellbogen<\/li>\n<li>NP-Pro-R\u00fcckenprotektor<\/li>\n<li>Sportliche Hartschalen auf den Schultern<\/li>\n<li>Auff\u00e4lliger Druck in M Farben<\/li>\n<li>M Logo und BMW Logo auf \u00c4rmel<\/li>\n<li>Gro\u00dfer, vertikaler BMW\u00a0Motorrad Schriftzug auf der Vorderseite<\/li>\n<li>Kleiner BMW\u00a0Motorrad Schriftzug auf dem Kragen<\/li>\n<li>Zwei Au\u00dfentaschen, eine Innentasche, eine Dokumententasche<\/li>\n<li>Standardisierter BMW\u00a0Motorrad Verbindungsrei\u00dfverschluss, 40\u00a0cm<\/li>\n<li>Zertifiziert nach EN 17092 (Schutzklasse AAA)<\/li>\n<li>Customer Type: Never\u00a0Stop\u00a0Challenging<\/li>\n<\/ul>\n","protected":false},"featured_media":515,"template":"","meta":{"_links_to":"","_links_to_target":""},"product_cat":[41,42,29],"product_tag":[104,126,76,124,123,127],"acf":[],"_links":{"self":[{"href":"https:\/\/motowalser.ch\/shop\/wp-json\/wp\/v2\/product\/514"}],"collection":[{"href":"https:\/\/motowalser.ch\/shop\/wp-json\/wp\/v2\/product"}],"about":[{"href":"https:\/\/motowalser.ch\/shop\/wp-json\/wp\/v2\/types\/product"}],"wp:featuredmedia":[{"embeddable":true,"href":"https:\/\/motowalser.ch\/shop\/wp-json\/wp\/v2\/media\/515"}],"wp:attachment":[{"href":"https:\/\/motowalser.ch\/shop\/wp-json\/wp\/v2\/media?parent=514"}],"wp:term":[{"taxonomy":"product_cat","embeddable":true,"href":"https:\/\/motowalser.ch\/shop\/wp-json\/wp\/v2\/product_cat?post=514"},{"taxonomy":"product_tag","embeddable":true,"href":"https:\/\/motowalser.ch\/shop\/wp-json\/wp\/v2\/product_tag?post=514"}],"curies":[{"name":"wp","href":"https:\/\/api.w.org\/{rel}","templated":true}]}}