{"id":504,"date":"2022-04-09T10:11:10","date_gmt":"2022-04-09T08:11:10","guid":{"rendered":"https:\/\/motowalser.ch\/shop\/?post_type=product&#038;p=504"},"modified":"2024-08-13T21:14:31","modified_gmt":"2024-08-13T19:14:31","slug":"jacke-sidepod-air","status":"publish","type":"product","link":"https:\/\/motowalser.ch\/shop\/produkt\/jacke-sidepod-air\/","title":{"rendered":"Jacke Sidepod Air"},"content":{"rendered":"","protected":false},"excerpt":{"rendered":"<p>Die Jacke Sidepod\u00a0AIR besticht durch einen sportlichen Look und ist der ideale Begleiter bei warmen Temperaturen. Das gro\u00dffl\u00e4chig verarbeitete Netzfutter garantiert eine optimale Bel\u00fcftung. Protektoren an Ellbogen und Schulter sorgen f\u00fcr Sicherheit, mehrere Taschen bieten Verstauraum. Optisches Highlight ist das auff\u00e4llige Design in M Farben.<\/p>\n<ul>\n<li>Sportliche Sommerjacke<\/li>\n<li>Gro\u00dffl\u00e4chig verarbeitetes Mesh-Material f\u00fcr optimale Bel\u00fcftung<\/li>\n<li>3D-Abstandsgewebe am R\u00fccken f\u00fcr optimale Luftzirkulation<\/li>\n<li>Stretchmaterial unter den Achseln und am Innenarm<\/li>\n<li>Protektor SC 1\/KA Black fabric f\u00fcr Ellbogen und Schulter<\/li>\n<li>Auff\u00e4lliger Druck in M Farben<\/li>\n<li>M Logo und BMW Logo auf \u00c4rmel<\/li>\n<li>Gro\u00dfer, vertikaler BMW\u00a0Motorrad Schriftzug auf der Vorderseite<\/li>\n<li>Kleiner BMW\u00a0Motorrad Schriftzug auf dem Kragen<\/li>\n<li>Zwei Au\u00dfentaschen, eine Innentasche, eine Dokumententasche<\/li>\n<li>Standardisierter BMW\u00a0Motorrad Verbindungsrei\u00dfverschluss, 40\u00a0cm<\/li>\n<li>NP-LR-R\u00fcckenprotektor nachr\u00fcstbar, Tasche vorgesehen<\/li>\n<li>Zertifiziert nach Schutzklasse A, EN 17092<\/li>\n<li>Customer Type: Never\u00a0Stop\u00a0Challenging<\/li>\n<\/ul>\n","protected":false},"featured_media":505,"template":"","meta":{"_links_to":"","_links_to_target":""},"product_cat":[41,42,29],"product_tag":[122,104,76,124,123,125],"acf":[],"_links":{"self":[{"href":"https:\/\/motowalser.ch\/shop\/wp-json\/wp\/v2\/product\/504"}],"collection":[{"href":"https:\/\/motowalser.ch\/shop\/wp-json\/wp\/v2\/product"}],"about":[{"href":"https:\/\/motowalser.ch\/shop\/wp-json\/wp\/v2\/types\/product"}],"wp:featuredmedia":[{"embeddable":true,"href":"https:\/\/motowalser.ch\/shop\/wp-json\/wp\/v2\/media\/505"}],"wp:attachment":[{"href":"https:\/\/motowalser.ch\/shop\/wp-json\/wp\/v2\/media?parent=504"}],"wp:term":[{"taxonomy":"product_cat","embeddable":true,"href":"https:\/\/motowalser.ch\/shop\/wp-json\/wp\/v2\/product_cat?post=504"},{"taxonomy":"product_tag","embeddable":true,"href":"https:\/\/motowalser.ch\/shop\/wp-json\/wp\/v2\/product_tag?post=504"}],"curies":[{"name":"wp","href":"https:\/\/api.w.org\/{rel}","templated":true}]}}