{"id":420,"date":"2022-03-26T14:13:50","date_gmt":"2022-03-26T13:13:50","guid":{"rendered":"https:\/\/motowalser.ch\/shop\/?post_type=product&#038;p=420"},"modified":"2024-08-13T21:14:31","modified_gmt":"2024-08-13T19:14:31","slug":"rider-hose-herren","status":"publish","type":"product","link":"https:\/\/motowalser.ch\/shop\/produkt\/rider-hose-herren\/","title":{"rendered":"Rider Hose Herren"},"content":{"rendered":"","protected":false},"excerpt":{"rendered":"<ul>\n<li>Textil-Motorradhose mit wasserdichtem Insert<\/li>\n<li>Abriebfestes Obermaterial aus 50\u00a0% Baumwolle, 50\u00a0% Polyamid<\/li>\n<li>Materialdopplung am Ges\u00e4\u00df<\/li>\n<li>Wind- und wasserdicht sowie atmungsaktiv durch BMW\u00a0Climate Insert<\/li>\n<li>Herausnehmbare Protektoren an Knien (NPL, 2-fach h\u00f6henverstellbar) und H\u00fcfte (NP2)<\/li>\n<li>Bel\u00fcftungsrei\u00dfverschl\u00fcsse am Oberschenkel<\/li>\n<li>Weitenverstellung am Beinsaum durch Rei\u00dfverschluss<\/li>\n<li>Stretch-Einsatz an Passe am Hosenbund hinten<\/li>\n<li>2 seitliche Rei\u00dfverschluss-Taschen, 2 aufgesetzte, wasserdichte Cargotaschen mit Druckkn\u00f6pfen, 2 Ges\u00e4\u00dftaschen<\/li>\n<li>Textilg\u00fcrtel mit BMW\u00a0Motorrad Branding auf der Schlie\u00dfe<\/li>\n<li>Reflexdruck am Beinsaum mit BMW\u00a0Motorrad Schriftzug<\/li>\n<li>Technische Zeichnung vom neuen Boxermotor als Grafikdruck auf linker Ges\u00e4\u00dftasche<\/li>\n<li>Verbindungsrei\u00dfverschluss: 40\u00a0cm<\/li>\n<\/ul>\n","protected":false},"featured_media":422,"template":"","meta":{"_links_to":"","_links_to_target":""},"product_cat":[100,108,41,42],"product_tag":[104,91,114,101],"acf":[],"_links":{"self":[{"href":"https:\/\/motowalser.ch\/shop\/wp-json\/wp\/v2\/product\/420"}],"collection":[{"href":"https:\/\/motowalser.ch\/shop\/wp-json\/wp\/v2\/product"}],"about":[{"href":"https:\/\/motowalser.ch\/shop\/wp-json\/wp\/v2\/types\/product"}],"wp:featuredmedia":[{"embeddable":true,"href":"https:\/\/motowalser.ch\/shop\/wp-json\/wp\/v2\/media\/422"}],"wp:attachment":[{"href":"https:\/\/motowalser.ch\/shop\/wp-json\/wp\/v2\/media?parent=420"}],"wp:term":[{"taxonomy":"product_cat","embeddable":true,"href":"https:\/\/motowalser.ch\/shop\/wp-json\/wp\/v2\/product_cat?post=420"},{"taxonomy":"product_tag","embeddable":true,"href":"https:\/\/motowalser.ch\/shop\/wp-json\/wp\/v2\/product_tag?post=420"}],"curies":[{"name":"wp","href":"https:\/\/api.w.org\/{rel}","templated":true}]}}