{"id":403,"date":"2022-03-26T12:39:38","date_gmt":"2022-03-26T11:39:38","guid":{"rendered":"https:\/\/motowalser.ch\/shop\/?post_type=product&#038;p=403"},"modified":"2024-08-13T21:14:31","modified_gmt":"2024-08-13T19:14:31","slug":"darknite-hose-herren","status":"publish","type":"product","link":"https:\/\/motowalser.ch\/shop\/produkt\/darknite-hose-herren\/","title":{"rendered":"Darknite Hose Herren"},"content":{"rendered":"","protected":false},"excerpt":{"rendered":"<p>Pure\u00a0Riding \u2013 daf\u00fcr steht der Anzug DarkNite. Ein moderner Lederanzug, im klassischen Retro-Stil geschnitten. Durch das hydrophobierte Rindleder ist der Anzug wasserabweisend, doch die nat\u00fcrliche Atmungsaktivit\u00e4t des Leders bleibt erhalten. Herausnehmbare NPL- und NP2-Protektoren, wattierte Steppeins\u00e4tze und einiges mehr erm\u00f6glichen selbstbewusstes Fahren, ohne dass die Features dem puristischen Erscheinungsbild entgegenwirken.<\/p>\n<p>&nbsp;<\/p>\n<ul>\n<li>Moderner Lederanzug aus hochwertigem Rindleder<\/li>\n<li>Abriebfestes Vollrindleder (1,0-1,1\u00a0mm), hydrophobiert<\/li>\n<li>Sehr guter Klimakomfort durch nat\u00fcrliche Atmungsaktivit\u00e4t des Leders<\/li>\n<li>NPL-Protektoren an R\u00fccken, Schultern, Ellbogen und Knien (h\u00f6henverstellbar), NP2-H\u00fcftprotektoren, herausnehmbar<\/li>\n<li>Stretch-Zonen oberhalb der Knie sowie am Hosenbund hinten f\u00fcr optimale Bewegungsfreihei<\/li>\n<li>Beinabschl\u00fcsse mit Metallrei\u00dfverschluss<\/li>\n<li>Stehkragen mit Druckknopf verschlie\u00dfbar<\/li>\n<li>3 Innentaschen (davon 1 Smartphone-Tasche), 4 Hosentaschen (Ges\u00e4\u00dftaschen mit Rei\u00dfverschluss)<\/li>\n<li>Hochwertiger BMW\u00a0Motorrad Schriftzug aus Metall-Buchstaben am R\u00fccken, gepr\u00e4gtes BMW Logo am linken Oberarm<\/li>\n<li>Verbindungsrei\u00dfverschluss: 40\u00a0cm<\/li>\n<li>Regular Fit<\/li>\n<li>Farbe: Schwarz<\/li>\n<\/ul>\n","protected":false},"featured_media":406,"template":"","meta":{"_links_to":"","_links_to_target":""},"product_cat":[100,41,42],"product_tag":[104,106,91,78,101],"acf":[],"_links":{"self":[{"href":"https:\/\/motowalser.ch\/shop\/wp-json\/wp\/v2\/product\/403"}],"collection":[{"href":"https:\/\/motowalser.ch\/shop\/wp-json\/wp\/v2\/product"}],"about":[{"href":"https:\/\/motowalser.ch\/shop\/wp-json\/wp\/v2\/types\/product"}],"wp:featuredmedia":[{"embeddable":true,"href":"https:\/\/motowalser.ch\/shop\/wp-json\/wp\/v2\/media\/406"}],"wp:attachment":[{"href":"https:\/\/motowalser.ch\/shop\/wp-json\/wp\/v2\/media?parent=403"}],"wp:term":[{"taxonomy":"product_cat","embeddable":true,"href":"https:\/\/motowalser.ch\/shop\/wp-json\/wp\/v2\/product_cat?post=403"},{"taxonomy":"product_tag","embeddable":true,"href":"https:\/\/motowalser.ch\/shop\/wp-json\/wp\/v2\/product_tag?post=403"}],"curies":[{"name":"wp","href":"https:\/\/api.w.org\/{rel}","templated":true}]}}