{"id":374,"date":"2022-03-17T13:39:39","date_gmt":"2022-03-17T12:39:39","guid":{"rendered":"https:\/\/motowalser.ch\/shop\/?post_type=product&#038;p=374"},"modified":"2024-08-13T22:00:42","modified_gmt":"2024-08-13T20:00:42","slug":"furka-jacke-damen","status":"publish","type":"product","link":"https:\/\/motowalser.ch\/shop\/produkt\/furka-jacke-damen\/","title":{"rendered":"Furka Jacke Damen"},"content":{"rendered":"","protected":false},"excerpt":{"rendered":"<p>Die Jacke Furka l\u00e4sst einen Klassiker aufleben und verbindet modisches Design mit hochwertigem Material. Das hydrophobierte Nubukleder vom Jungbullen zeichnet sich durch hohe Elastizit\u00e4t und Dicke aus. Jeweils zwei Au\u00dfen- wie Innentaschen bieten Verstauraum, wasserdichte N\u00e4hte und wasserabweisende Rei\u00dfverschl\u00fcsse sch\u00fctzen vor Feuchtigkeit.<\/p>\n<ul>\n<li>Atmungsaktive, modische Lederjacke<\/li>\n<li>Obermaterial: leicht elastisches, 1,2\u20131,4\u00a0mm dickes Nubukleder vom Jungbullen<\/li>\n<li>Nubukleder ausgew\u00e4hlt von Hand und nur in bester Qualit\u00e4t<\/li>\n<li>NP3-Gelenkprotektoren<\/li>\n<li>Je zwei Au\u00dfen- und Innentaschen mit Rei\u00dfverschl\u00fcssen<\/li>\n<li>Verbindungsrei\u00dfverschluss: umlaufend und kurz<\/li>\n<li>AirVent-System mit Netzfutter und separatem Zipper<\/li>\n<li>Hydrophobiertes Leder, wasserdichte N\u00e4hte und wasserabweisende Rei\u00dfverschl\u00fcsse<\/li>\n<li>Kleines BMW Logo auf Niete<\/li>\n<li>Schutzklasse AA, EN 17092<\/li>\n<li>Customer Type: Ride\u00a0and\u00a0Share<\/li>\n<\/ul>\n","protected":false},"featured_media":375,"template":"","meta":{"_links_to":"","_links_to_target":""},"product_cat":[41,42,23,29],"product_tag":[99,98,76],"acf":[],"_links":{"self":[{"href":"https:\/\/motowalser.ch\/shop\/wp-json\/wp\/v2\/product\/374"}],"collection":[{"href":"https:\/\/motowalser.ch\/shop\/wp-json\/wp\/v2\/product"}],"about":[{"href":"https:\/\/motowalser.ch\/shop\/wp-json\/wp\/v2\/types\/product"}],"wp:featuredmedia":[{"embeddable":true,"href":"https:\/\/motowalser.ch\/shop\/wp-json\/wp\/v2\/media\/375"}],"wp:attachment":[{"href":"https:\/\/motowalser.ch\/shop\/wp-json\/wp\/v2\/media?parent=374"}],"wp:term":[{"taxonomy":"product_cat","embeddable":true,"href":"https:\/\/motowalser.ch\/shop\/wp-json\/wp\/v2\/product_cat?post=374"},{"taxonomy":"product_tag","embeddable":true,"href":"https:\/\/motowalser.ch\/shop\/wp-json\/wp\/v2\/product_tag?post=374"}],"curies":[{"name":"wp","href":"https:\/\/api.w.org\/{rel}","templated":true}]}}