{"id":3397,"date":"2024-01-24T14:00:32","date_gmt":"2024-01-24T13:00:32","guid":{"rendered":"https:\/\/motowalser.ch\/shop\/?post_type=product&#038;p=3397"},"modified":"2024-08-13T21:14:31","modified_gmt":"2024-08-13T19:14:31","slug":"jacke-schwabing-herren-2023","status":"publish","type":"product","link":"https:\/\/motowalser.ch\/shop\/produkt\/jacke-schwabing-herren-2023\/","title":{"rendered":"Jacke Schwabing Herren 2023"},"content":{"rendered":"","protected":false},"excerpt":{"rendered":"<p>Die Jacke Schwabing im Heritage-Look l\u00e4sst einen Klassiker im neuen Design aufleben. Traditionelle Twin Stripes auf den \u00c4rmeln setzen optisch auff\u00e4llige Akzente. Unter dem hochwertigen Rindleder sorgen NP-Flex-Protektoren an Schulter und Ellbogen f\u00fcr Sicherheit, w\u00e4hrend zwei Au\u00dfentaschen und drei Innentaschen Verstaum\u00f6glichkeiten bieten.<\/p>\n<p>&nbsp;<\/p>\n<p><strong>Details<\/strong><\/p>\n<ul>\n<li>Klassische Lederjacke<\/li>\n<li>Sportliche Streifen auf den \u00c4rmeln f\u00fcr Heritage-Look<\/li>\n<li>Hochwertiges Rindleder<\/li>\n<li>BMW Logo auf \u00c4rmel<\/li>\n<li>NP-Flex-Protektoren an Schultern und Ellbogen<\/li>\n<li>NPL-R\u00fcckenprotektor nachr\u00fcstbar<\/li>\n<li>Zwei Au\u00dfentaschen, drei Innentaschen<\/li>\n<li>Verbindungsrei\u00dfverschluss an der Taille, 40 cm<\/li>\n<li>Zertifiziert nach EN 17092-4:2020 (Level A)<\/li>\n<li><strong>Farbe:\u00a0<\/strong>schwarz, blauer Streifen<\/li>\n<\/ul>\n","protected":false},"featured_media":3406,"template":"","meta":{"_links_to":"","_links_to_target":""},"product_cat":[108,41,42,29],"product_tag":[],"acf":[],"_links":{"self":[{"href":"https:\/\/motowalser.ch\/shop\/wp-json\/wp\/v2\/product\/3397"}],"collection":[{"href":"https:\/\/motowalser.ch\/shop\/wp-json\/wp\/v2\/product"}],"about":[{"href":"https:\/\/motowalser.ch\/shop\/wp-json\/wp\/v2\/types\/product"}],"wp:featuredmedia":[{"embeddable":true,"href":"https:\/\/motowalser.ch\/shop\/wp-json\/wp\/v2\/media\/3406"}],"wp:attachment":[{"href":"https:\/\/motowalser.ch\/shop\/wp-json\/wp\/v2\/media?parent=3397"}],"wp:term":[{"taxonomy":"product_cat","embeddable":true,"href":"https:\/\/motowalser.ch\/shop\/wp-json\/wp\/v2\/product_cat?post=3397"},{"taxonomy":"product_tag","embeddable":true,"href":"https:\/\/motowalser.ch\/shop\/wp-json\/wp\/v2\/product_tag?post=3397"}],"curies":[{"name":"wp","href":"https:\/\/api.w.org\/{rel}","templated":true}]}}