{"id":3393,"date":"2024-01-24T13:54:37","date_gmt":"2024-01-24T12:54:37","guid":{"rendered":"https:\/\/motowalser.ch\/shop\/?post_type=product&#038;p=3393"},"modified":"2024-08-13T21:14:31","modified_gmt":"2024-08-13T19:14:31","slug":"hose-pure-rider-2023","status":"publish","type":"product","link":"https:\/\/motowalser.ch\/shop\/produkt\/hose-pure-rider-2023\/","title":{"rendered":"Hose Pure Rider 2023"},"content":{"rendered":"","protected":false},"excerpt":{"rendered":"<div class=\"productdetails__content\">\n<p class=\"mnm-productdetails-description\">Die Hose PureRider macht nicht nur auf der Maschine, sondern auch im Alltag eine gute Figur. Sie zeichnet sich durch einen modernen, aber schlichten Look aus. Von gew\u00f6hnlicher Freizeitkleidung grenzt sich die Hose gekonnt durch sieben Au\u00dfentaschen, eine Innentasche und NP-Flex-Protektoren an Knie und H\u00fcfte ab.<\/p>\n<\/div>\n<div class=\"productdetails__form-wrapper\">\n<div class=\"productdetails__form-dropdown mnm-form--colors\"><\/div>\n<\/div>\n","protected":false},"featured_media":3396,"template":"","meta":{"_links_to":"","_links_to_target":""},"product_cat":[100,41,42],"product_tag":[],"acf":[],"_links":{"self":[{"href":"https:\/\/motowalser.ch\/shop\/wp-json\/wp\/v2\/product\/3393"}],"collection":[{"href":"https:\/\/motowalser.ch\/shop\/wp-json\/wp\/v2\/product"}],"about":[{"href":"https:\/\/motowalser.ch\/shop\/wp-json\/wp\/v2\/types\/product"}],"wp:featuredmedia":[{"embeddable":true,"href":"https:\/\/motowalser.ch\/shop\/wp-json\/wp\/v2\/media\/3396"}],"wp:attachment":[{"href":"https:\/\/motowalser.ch\/shop\/wp-json\/wp\/v2\/media?parent=3393"}],"wp:term":[{"taxonomy":"product_cat","embeddable":true,"href":"https:\/\/motowalser.ch\/shop\/wp-json\/wp\/v2\/product_cat?post=3393"},{"taxonomy":"product_tag","embeddable":true,"href":"https:\/\/motowalser.ch\/shop\/wp-json\/wp\/v2\/product_tag?post=3393"}],"curies":[{"name":"wp","href":"https:\/\/api.w.org\/{rel}","templated":true}]}}