{"id":3345,"date":"2024-01-24T11:47:24","date_gmt":"2024-01-24T10:47:24","guid":{"rendered":"https:\/\/motowalser.ch\/shop\/?post_type=product&#038;p=3345"},"modified":"2024-08-13T22:00:44","modified_gmt":"2024-08-13T20:00:44","slug":"stiefel-gotthard-gore-tex","status":"publish","type":"product","link":"https:\/\/motowalser.ch\/shop\/produkt\/stiefel-gotthard-gore-tex\/","title":{"rendered":"Stiefel Gotthard Gore-Tex"},"content":{"rendered":"","protected":false},"excerpt":{"rendered":"<div class=\"productdetails__content\">\n<p class=\"mnm-productdetails-description\">Die Stiefel Gotthard GORE-TEX aus kr\u00e4ftigem Leder sind der perfekte Begleiter f\u00fcr Touren-Fahrer. Ihre Zertifizierung Level 2 steht f\u00fcr Robustheit und Sicherheit. Dank GORE-TEX-Membran sind die Stiefel wind- und wasserdicht, die \u00f6l- und kraftstoffresistente Vibram-Sohle sorgt mit einem ausgestelltem Fersenteil f\u00fcr komfortables Gehen.<\/p>\n<\/div>\n<div class=\"productdetails__form-wrapper\">\n<div class=\"productdetails__form-dropdown mnm-form--colors\"><\/div>\n<\/div>\n","protected":false},"featured_media":3359,"template":"","meta":{"_links_to":"","_links_to_target":""},"product_cat":[41,42,25],"product_tag":[],"acf":[],"_links":{"self":[{"href":"https:\/\/motowalser.ch\/shop\/wp-json\/wp\/v2\/product\/3345"}],"collection":[{"href":"https:\/\/motowalser.ch\/shop\/wp-json\/wp\/v2\/product"}],"about":[{"href":"https:\/\/motowalser.ch\/shop\/wp-json\/wp\/v2\/types\/product"}],"wp:featuredmedia":[{"embeddable":true,"href":"https:\/\/motowalser.ch\/shop\/wp-json\/wp\/v2\/media\/3359"}],"wp:attachment":[{"href":"https:\/\/motowalser.ch\/shop\/wp-json\/wp\/v2\/media?parent=3345"}],"wp:term":[{"taxonomy":"product_cat","embeddable":true,"href":"https:\/\/motowalser.ch\/shop\/wp-json\/wp\/v2\/product_cat?post=3345"},{"taxonomy":"product_tag","embeddable":true,"href":"https:\/\/motowalser.ch\/shop\/wp-json\/wp\/v2\/product_tag?post=3345"}],"curies":[{"name":"wp","href":"https:\/\/api.w.org\/{rel}","templated":true}]}}