{"id":3330,"date":"2024-01-24T11:42:25","date_gmt":"2024-01-24T10:42:25","guid":{"rendered":"https:\/\/motowalser.ch\/shop\/?post_type=product&#038;p=3330"},"modified":"2024-08-13T22:00:44","modified_gmt":"2024-08-13T20:00:44","slug":"stiefel-m-pro-race-competition-gore-tex","status":"publish","type":"product","link":"https:\/\/motowalser.ch\/shop\/produkt\/stiefel-m-pro-race-competition-gore-tex\/","title":{"rendered":"Stiefel M Pro Race Competition Gore-Tex"},"content":{"rendered":"","protected":false},"excerpt":{"rendered":"<div class=\"productdetails__content\">\n<p class=\"mnm-productdetails-description\">Die Stiefel M Pro Race GORE-TEX erf\u00fcllen h\u00f6chste Performanceanspr\u00fcche und \u00fcberzeugen durch gro\u00dffl\u00e4chige Schutzelemente aus Hartplastik. Seitliche, austauschbare Schleifer aus Kunststoff an Ferse und Schuhspitze beugen Verletzungen vor und sorgen f\u00fcr Langlebigkeit.<\/p>\n<\/div>\n<div class=\"productdetails__form-wrapper\">\n<div class=\"productdetails__form-dropdown mnm-form--colors\"><\/div>\n<\/div>\n","protected":false},"featured_media":3342,"template":"","meta":{"_links_to":"","_links_to_target":""},"product_cat":[41,42,25],"product_tag":[],"acf":[],"_links":{"self":[{"href":"https:\/\/motowalser.ch\/shop\/wp-json\/wp\/v2\/product\/3330"}],"collection":[{"href":"https:\/\/motowalser.ch\/shop\/wp-json\/wp\/v2\/product"}],"about":[{"href":"https:\/\/motowalser.ch\/shop\/wp-json\/wp\/v2\/types\/product"}],"wp:featuredmedia":[{"embeddable":true,"href":"https:\/\/motowalser.ch\/shop\/wp-json\/wp\/v2\/media\/3342"}],"wp:attachment":[{"href":"https:\/\/motowalser.ch\/shop\/wp-json\/wp\/v2\/media?parent=3330"}],"wp:term":[{"taxonomy":"product_cat","embeddable":true,"href":"https:\/\/motowalser.ch\/shop\/wp-json\/wp\/v2\/product_cat?post=3330"},{"taxonomy":"product_tag","embeddable":true,"href":"https:\/\/motowalser.ch\/shop\/wp-json\/wp\/v2\/product_tag?post=3330"}],"curies":[{"name":"wp","href":"https:\/\/api.w.org\/{rel}","templated":true}]}}