{"id":3247,"date":"2024-01-24T11:22:46","date_gmt":"2024-01-24T10:22:46","guid":{"rendered":"https:\/\/motowalser.ch\/shop\/?post_type=product&#038;p=3247"},"modified":"2024-08-13T22:00:43","modified_gmt":"2024-08-13T20:00:43","slug":"stiefel-venture-grip-pro-gore-tex","status":"publish","type":"product","link":"https:\/\/motowalser.ch\/shop\/produkt\/stiefel-venture-grip-pro-gore-tex\/","title":{"rendered":"Stiefel Venture Grip Pro Gore-Tex"},"content":{"rendered":"","protected":false},"excerpt":{"rendered":"<div class=\"productdetails__content\">\n<div class=\"productdetails__content\">\n<p class=\"mnm-productdetails-description\">Der wasserdichte Stiefel VentureGrip GORE-TEX ist sowohl im Touren- als auch im Endurobetrieb zu Hause. Der alltagstaugliche Allrounder verf\u00fcgt \u00fcber eine griffige, hochverschlei\u00dffeste und \u00f6l- und kraftstoffresistente Sohle. Eine Schienbeinplatte stabilisiert zusammen mit drei verstellbaren Aluminiumschnallen die passgenaue Konstruktion.<\/p>\n<\/div>\n<div class=\"productdetails__form-wrapper\">\n<div class=\"productdetails__form-dropdown mnm-form--colors\"><\/div>\n<\/div>\n<\/div>\n","protected":false},"featured_media":3287,"template":"","meta":{"_links_to":"","_links_to_target":""},"product_cat":[41,42,25],"product_tag":[],"acf":[],"_links":{"self":[{"href":"https:\/\/motowalser.ch\/shop\/wp-json\/wp\/v2\/product\/3247"}],"collection":[{"href":"https:\/\/motowalser.ch\/shop\/wp-json\/wp\/v2\/product"}],"about":[{"href":"https:\/\/motowalser.ch\/shop\/wp-json\/wp\/v2\/types\/product"}],"wp:featuredmedia":[{"embeddable":true,"href":"https:\/\/motowalser.ch\/shop\/wp-json\/wp\/v2\/media\/3287"}],"wp:attachment":[{"href":"https:\/\/motowalser.ch\/shop\/wp-json\/wp\/v2\/media?parent=3247"}],"wp:term":[{"taxonomy":"product_cat","embeddable":true,"href":"https:\/\/motowalser.ch\/shop\/wp-json\/wp\/v2\/product_cat?post=3247"},{"taxonomy":"product_tag","embeddable":true,"href":"https:\/\/motowalser.ch\/shop\/wp-json\/wp\/v2\/product_tag?post=3247"}],"curies":[{"name":"wp","href":"https:\/\/api.w.org\/{rel}","templated":true}]}}