{"id":3204,"date":"2024-01-24T10:09:41","date_gmt":"2024-01-24T09:09:41","guid":{"rendered":"https:\/\/motowalser.ch\/shop\/?post_type=product&#038;p=3204"},"modified":"2024-08-13T22:00:43","modified_gmt":"2024-08-13T20:00:43","slug":"handschuhe-tenda-2in1-gore-tex","status":"publish","type":"product","link":"https:\/\/motowalser.ch\/shop\/produkt\/handschuhe-tenda-2in1-gore-tex\/","title":{"rendered":"Handschuhe Tenda 2in1 Gore-Tex"},"content":{"rendered":"","protected":false},"excerpt":{"rendered":"<div class=\"productdetails__content\">\n<p class=\"mnm-productdetails-description\">2-in-1-Funktion f\u00fcr mehr Komfort: Die sportlichen Handschuhe Tenda 2in1 GORE-TEX mit 2-Kammer-Technologie haben es in sich. W\u00e4hrend die erste Kammer ungef\u00fcttert ist und dank K\u00e4nguruleder auf der Handunterseite hervorragenden Grip am Lenker bietet, sorgt die wasserdichte zweite Kammer mit atmungsaktivem GORE-TEX-Membran (Wassers\u00e4ule 28.000 mm) f\u00fcr perfekten Wetterschutz.<\/p>\n<\/div>\n<div class=\"productdetails__form-wrapper\">\n<div class=\"productdetails__form-dropdown mnm-form--colors\"><\/div>\n<\/div>\n","protected":false},"featured_media":3212,"template":"","meta":{"_links_to":"","_links_to_target":""},"product_cat":[41,42,27],"product_tag":[],"acf":[],"_links":{"self":[{"href":"https:\/\/motowalser.ch\/shop\/wp-json\/wp\/v2\/product\/3204"}],"collection":[{"href":"https:\/\/motowalser.ch\/shop\/wp-json\/wp\/v2\/product"}],"about":[{"href":"https:\/\/motowalser.ch\/shop\/wp-json\/wp\/v2\/types\/product"}],"wp:featuredmedia":[{"embeddable":true,"href":"https:\/\/motowalser.ch\/shop\/wp-json\/wp\/v2\/media\/3212"}],"wp:attachment":[{"href":"https:\/\/motowalser.ch\/shop\/wp-json\/wp\/v2\/media?parent=3204"}],"wp:term":[{"taxonomy":"product_cat","embeddable":true,"href":"https:\/\/motowalser.ch\/shop\/wp-json\/wp\/v2\/product_cat?post=3204"},{"taxonomy":"product_tag","embeddable":true,"href":"https:\/\/motowalser.ch\/shop\/wp-json\/wp\/v2\/product_tag?post=3204"}],"curies":[{"name":"wp","href":"https:\/\/api.w.org\/{rel}","templated":true}]}}