{"id":3191,"date":"2024-01-24T09:51:32","date_gmt":"2024-01-24T08:51:32","guid":{"rendered":"https:\/\/motowalser.ch\/shop\/?post_type=product&#038;p=3191"},"modified":"2024-08-13T22:00:43","modified_gmt":"2024-08-13T20:00:43","slug":"handschuhe-reschen-gore-tex","status":"publish","type":"product","link":"https:\/\/motowalser.ch\/shop\/produkt\/handschuhe-reschen-gore-tex\/","title":{"rendered":"Handschuhe Reschen Gore-Tex"},"content":{"rendered":"","protected":false},"excerpt":{"rendered":"<div class=\"productdetails__content\">\n<p class=\"mnm-productdetails-description\">Perfekt f\u00fcr ausgedehnte Touren: Die Enduro-Handschuhe Reschen GORE-TEX sch\u00fctzen vor Wind und Wetter. Die atmungsaktive GORE-TEX X-TRAFIT\u2122-Membran h\u00e4lt Wasser und K\u00e4lte zuverl\u00e4ssig fern. Lederdoppelungen, hochabriebfestes SuperFabric\u00ae und ein weicher Kn\u00f6chelprotektor runden das robuste Gesamtpaket ab.<\/p>\n<\/div>\n","protected":false},"featured_media":3199,"template":"","meta":{"_links_to":"","_links_to_target":""},"product_cat":[41,42,27],"product_tag":[],"acf":[],"_links":{"self":[{"href":"https:\/\/motowalser.ch\/shop\/wp-json\/wp\/v2\/product\/3191"}],"collection":[{"href":"https:\/\/motowalser.ch\/shop\/wp-json\/wp\/v2\/product"}],"about":[{"href":"https:\/\/motowalser.ch\/shop\/wp-json\/wp\/v2\/types\/product"}],"wp:featuredmedia":[{"embeddable":true,"href":"https:\/\/motowalser.ch\/shop\/wp-json\/wp\/v2\/media\/3199"}],"wp:attachment":[{"href":"https:\/\/motowalser.ch\/shop\/wp-json\/wp\/v2\/media?parent=3191"}],"wp:term":[{"taxonomy":"product_cat","embeddable":true,"href":"https:\/\/motowalser.ch\/shop\/wp-json\/wp\/v2\/product_cat?post=3191"},{"taxonomy":"product_tag","embeddable":true,"href":"https:\/\/motowalser.ch\/shop\/wp-json\/wp\/v2\/product_tag?post=3191"}],"curies":[{"name":"wp","href":"https:\/\/api.w.org\/{rel}","templated":true}]}}