{"id":3128,"date":"2024-01-23T16:17:25","date_gmt":"2024-01-23T15:17:25","guid":{"rendered":"https:\/\/motowalser.ch\/shop\/?post_type=product&#038;p=3128"},"modified":"2024-08-13T22:00:42","modified_gmt":"2024-08-13T20:00:42","slug":"handschuhe-aravis-air-2024","status":"publish","type":"product","link":"https:\/\/motowalser.ch\/shop\/produkt\/handschuhe-aravis-air-2024\/","title":{"rendered":"Handschuhe Aravis Air 2024"},"content":{"rendered":"","protected":false},"excerpt":{"rendered":"<div class=\"productdetails__content\">\n<div class=\"productdetails__content\">\n<div class=\"productdetails__content\">\n<p class=\"mnm-productdetails-description\">Die leichten und luftigen Handschuhe Aravis AIR eignen sich bestens f\u00fcr den Einsatz bei sommerlichen Temperaturen. Weiches Ziegenleder erm\u00f6glicht sehr guten Grip, Fingerr\u00fccken- und Kn\u00f6chelschutz erh\u00f6hen die Sicherheit. Praktisches Detail: Eine Neoprenstulpe umschlie\u00dft das Handgelenk sicher und bequem zugleich.<\/p>\n<\/div>\n<div class=\"productdetails__form-wrapper\">\n<div class=\"productdetails__form-dropdown mnm-form--colors\"><\/div>\n<\/div>\n<\/div>\n<\/div>\n","protected":false},"featured_media":3136,"template":"","meta":{"_links_to":"","_links_to_target":""},"product_cat":[41,42,27],"product_tag":[],"acf":[],"_links":{"self":[{"href":"https:\/\/motowalser.ch\/shop\/wp-json\/wp\/v2\/product\/3128"}],"collection":[{"href":"https:\/\/motowalser.ch\/shop\/wp-json\/wp\/v2\/product"}],"about":[{"href":"https:\/\/motowalser.ch\/shop\/wp-json\/wp\/v2\/types\/product"}],"wp:featuredmedia":[{"embeddable":true,"href":"https:\/\/motowalser.ch\/shop\/wp-json\/wp\/v2\/media\/3136"}],"wp:attachment":[{"href":"https:\/\/motowalser.ch\/shop\/wp-json\/wp\/v2\/media?parent=3128"}],"wp:term":[{"taxonomy":"product_cat","embeddable":true,"href":"https:\/\/motowalser.ch\/shop\/wp-json\/wp\/v2\/product_cat?post=3128"},{"taxonomy":"product_tag","embeddable":true,"href":"https:\/\/motowalser.ch\/shop\/wp-json\/wp\/v2\/product_tag?post=3128"}],"curies":[{"name":"wp","href":"https:\/\/api.w.org\/{rel}","templated":true}]}}