{"id":3099,"date":"2024-01-23T15:35:23","date_gmt":"2024-01-23T14:35:23","guid":{"rendered":"https:\/\/motowalser.ch\/shop\/?post_type=product&#038;p=3099"},"modified":"2024-08-13T22:00:43","modified_gmt":"2024-08-13T20:00:43","slug":"handschuhe-gs-rallye-gore-tex","status":"publish","type":"product","link":"https:\/\/motowalser.ch\/shop\/produkt\/handschuhe-gs-rallye-gore-tex\/","title":{"rendered":"Handschuhe GS Rallye Gore-Tex"},"content":{"rendered":"","protected":false},"excerpt":{"rendered":"<div class=\"productdetails__content\">\n<p class=\"mnm-productdetails-description\">Die wind- und wasserdichten Handschuhe GS Rallye GORE-TEX sind pr\u00e4destiniert f\u00fcr den Offroad-Einsatz. Die Innenhand aus Ziegenleder verspricht bestm\u00f6glichen Grip. Eine gro\u00dffl\u00e4chige Kn\u00f6chelschale aus Hartplastik, unterlegt mit sto\u00dfabsorbierendem Schaum, sch\u00fctzt vor Schl\u00e4gen.<\/p>\n<\/div>\n<div class=\"productdetails__form-wrapper\">\n<div class=\"productdetails__form-dropdown mnm-form--colors\"><\/div>\n<\/div>\n","protected":false},"featured_media":3107,"template":"","meta":{"_links_to":"","_links_to_target":""},"product_cat":[41,42,27],"product_tag":[],"acf":[],"_links":{"self":[{"href":"https:\/\/motowalser.ch\/shop\/wp-json\/wp\/v2\/product\/3099"}],"collection":[{"href":"https:\/\/motowalser.ch\/shop\/wp-json\/wp\/v2\/product"}],"about":[{"href":"https:\/\/motowalser.ch\/shop\/wp-json\/wp\/v2\/types\/product"}],"wp:featuredmedia":[{"embeddable":true,"href":"https:\/\/motowalser.ch\/shop\/wp-json\/wp\/v2\/media\/3107"}],"wp:attachment":[{"href":"https:\/\/motowalser.ch\/shop\/wp-json\/wp\/v2\/media?parent=3099"}],"wp:term":[{"taxonomy":"product_cat","embeddable":true,"href":"https:\/\/motowalser.ch\/shop\/wp-json\/wp\/v2\/product_cat?post=3099"},{"taxonomy":"product_tag","embeddable":true,"href":"https:\/\/motowalser.ch\/shop\/wp-json\/wp\/v2\/product_tag?post=3099"}],"curies":[{"name":"wp","href":"https:\/\/api.w.org\/{rel}","templated":true}]}}