{"id":3046,"date":"2024-01-23T14:27:16","date_gmt":"2024-01-23T13:27:16","guid":{"rendered":"https:\/\/motowalser.ch\/shop\/?post_type=product&#038;p=3046"},"modified":"2024-08-13T21:14:28","modified_gmt":"2024-08-13T19:14:28","slug":"hose-gs-namib-2024","status":"publish","type":"product","link":"https:\/\/motowalser.ch\/shop\/produkt\/hose-gs-namib-2024\/","title":{"rendered":"Hose GS Namib 2024"},"content":{"rendered":"","protected":false},"excerpt":{"rendered":"<div class=\"productdetails__content\">\n<div class=\"productdetails__content\">\n<div class=\"productdetails__content\">\n<div class=\"productdetails__content\">\n<p class=\"mnm-productdetails-description\">Die Hose GS Namib GORE-TEX mit NP3-Gelenk- und H\u00fcftprotektoren l\u00e4sst die Herzen von Enduro-Fans h\u00f6herschlagen. Einstellm\u00f6glichkeiten am Hosenbund und am Beinabschluss sowie elastische Eins\u00e4tze verbessern die Passform und erlauben mehr Beweglichkeit &#8211; die optimalen Voraussetzungen f\u00fcr Abenteuer abseits befestigter Stra\u00dfen.<\/p>\n<\/div>\n<div class=\"productdetails__form-wrapper\">\n<div class=\"productdetails__form-dropdown mnm-form--colors\"><\/div>\n<\/div>\n<\/div>\n<\/div>\n<\/div>\n","protected":false},"featured_media":3096,"template":"","meta":{"_links_to":"","_links_to_target":""},"product_cat":[100,23],"product_tag":[],"acf":[],"_links":{"self":[{"href":"https:\/\/motowalser.ch\/shop\/wp-json\/wp\/v2\/product\/3046"}],"collection":[{"href":"https:\/\/motowalser.ch\/shop\/wp-json\/wp\/v2\/product"}],"about":[{"href":"https:\/\/motowalser.ch\/shop\/wp-json\/wp\/v2\/types\/product"}],"wp:featuredmedia":[{"embeddable":true,"href":"https:\/\/motowalser.ch\/shop\/wp-json\/wp\/v2\/media\/3096"}],"wp:attachment":[{"href":"https:\/\/motowalser.ch\/shop\/wp-json\/wp\/v2\/media?parent=3046"}],"wp:term":[{"taxonomy":"product_cat","embeddable":true,"href":"https:\/\/motowalser.ch\/shop\/wp-json\/wp\/v2\/product_cat?post=3046"},{"taxonomy":"product_tag","embeddable":true,"href":"https:\/\/motowalser.ch\/shop\/wp-json\/wp\/v2\/product_tag?post=3046"}],"curies":[{"name":"wp","href":"https:\/\/api.w.org\/{rel}","templated":true}]}}