{"id":2989,"date":"2024-01-23T14:12:57","date_gmt":"2024-01-23T13:12:57","guid":{"rendered":"https:\/\/motowalser.ch\/shop\/?post_type=product&#038;p=2989"},"modified":"2024-08-13T21:14:28","modified_gmt":"2024-08-13T19:14:28","slug":"jacke-gs-namib-2024","status":"publish","type":"product","link":"https:\/\/motowalser.ch\/shop\/produkt\/jacke-gs-namib-2024\/","title":{"rendered":"Jacke GS Namib 2024"},"content":{"rendered":"","protected":false},"excerpt":{"rendered":"<div class=\"productdetails__content\">\n<div class=\"productdetails__content\">\n<div class=\"productdetails__content\">\n<p class=\"mnm-productdetails-description\">Die Jacke GS Namib GORE-TEX l\u00e4sst die Herzen von Enduro-Fans h\u00f6herschlagen. Das dreilagige GORE-TEX Obermaterial h\u00e4lt die Jacke wasserdicht, w\u00e4hrend die zahlreichen Bel\u00fcftungsm\u00f6glichkeiten f\u00fcr optimales Klima sorgen. NP3-R\u00fccken- und Gelenkprotektoren plus reichlich Verstaum\u00f6glichkeiten machen die Jacke zum perfekten Begleiter f\u00fcr jedes Abenteuer.<\/p>\n<\/div>\n<div class=\"productdetails__form-wrapper\">\n<div class=\"productdetails__form-dropdown mnm-form--colors\"><\/div>\n<\/div>\n<\/div>\n<\/div>\n","protected":false},"featured_media":3039,"template":"","meta":{"_links_to":"","_links_to_target":""},"product_cat":[23,29],"product_tag":[],"acf":[],"_links":{"self":[{"href":"https:\/\/motowalser.ch\/shop\/wp-json\/wp\/v2\/product\/2989"}],"collection":[{"href":"https:\/\/motowalser.ch\/shop\/wp-json\/wp\/v2\/product"}],"about":[{"href":"https:\/\/motowalser.ch\/shop\/wp-json\/wp\/v2\/types\/product"}],"wp:featuredmedia":[{"embeddable":true,"href":"https:\/\/motowalser.ch\/shop\/wp-json\/wp\/v2\/media\/3039"}],"wp:attachment":[{"href":"https:\/\/motowalser.ch\/shop\/wp-json\/wp\/v2\/media?parent=2989"}],"wp:term":[{"taxonomy":"product_cat","embeddable":true,"href":"https:\/\/motowalser.ch\/shop\/wp-json\/wp\/v2\/product_cat?post=2989"},{"taxonomy":"product_tag","embeddable":true,"href":"https:\/\/motowalser.ch\/shop\/wp-json\/wp\/v2\/product_tag?post=2989"}],"curies":[{"name":"wp","href":"https:\/\/api.w.org\/{rel}","templated":true}]}}