{"id":2949,"date":"2024-01-23T13:46:07","date_gmt":"2024-01-23T12:46:07","guid":{"rendered":"https:\/\/motowalser.ch\/shop\/?post_type=product&#038;p=2949"},"modified":"2024-01-23T14:09:49","modified_gmt":"2024-01-23T13:09:49","slug":"hose-aravis-air","status":"publish","type":"product","link":"https:\/\/motowalser.ch\/shop\/produkt\/hose-aravis-air\/","title":{"rendered":"Hose Aravis AIR"},"content":{"rendered":"","protected":false},"excerpt":{"rendered":"<div class=\"productdetails__content\">\n<div class=\"productdetails__content\">\n<p class=\"mnm-productdetails-description\">Die Hose Aravis AIR bringt Frische in die hei\u00dfen Phasen der Motorrad-Saison. Dank gro\u00dffl\u00e4chiger Netz- und Stretcheins\u00e4tze bietet sie nicht nur optimale Bewegungsfreiheit, sondern auch angenehme Luftzirkulation.<\/p>\n<\/div>\n<div class=\"productdetails__form-wrapper\">\n<div class=\"productdetails__form-dropdown mnm-form--colors\"><\/div>\n<\/div>\n<\/div>\n","protected":false},"featured_media":2981,"template":"","meta":{"_links_to":"","_links_to_target":""},"product_cat":[100,23],"product_tag":[],"acf":[],"_links":{"self":[{"href":"https:\/\/motowalser.ch\/shop\/wp-json\/wp\/v2\/product\/2949"}],"collection":[{"href":"https:\/\/motowalser.ch\/shop\/wp-json\/wp\/v2\/product"}],"about":[{"href":"https:\/\/motowalser.ch\/shop\/wp-json\/wp\/v2\/types\/product"}],"wp:featuredmedia":[{"embeddable":true,"href":"https:\/\/motowalser.ch\/shop\/wp-json\/wp\/v2\/media\/2981"}],"wp:attachment":[{"href":"https:\/\/motowalser.ch\/shop\/wp-json\/wp\/v2\/media?parent=2949"}],"wp:term":[{"taxonomy":"product_cat","embeddable":true,"href":"https:\/\/motowalser.ch\/shop\/wp-json\/wp\/v2\/product_cat?post=2949"},{"taxonomy":"product_tag","embeddable":true,"href":"https:\/\/motowalser.ch\/shop\/wp-json\/wp\/v2\/product_tag?post=2949"}],"curies":[{"name":"wp","href":"https:\/\/api.w.org\/{rel}","templated":true}]}}