{"id":2922,"date":"2024-01-23T13:34:17","date_gmt":"2024-01-23T12:34:17","guid":{"rendered":"https:\/\/motowalser.ch\/shop\/?post_type=product&#038;p=2922"},"modified":"2024-01-23T13:44:56","modified_gmt":"2024-01-23T12:44:56","slug":"jacke-aravis-air-2024","status":"publish","type":"product","link":"https:\/\/motowalser.ch\/shop\/produkt\/jacke-aravis-air-2024\/","title":{"rendered":"Jacke Aravis AIR 2024"},"content":{"rendered":"","protected":false},"excerpt":{"rendered":"<div class=\"productdetails__content\">\n<div class=\"productdetails__content\">\n<p class=\"mnm-productdetails-description\">Die Jacke Aravis AIR bringt Frische in die hei\u00dfen Phasen der Motorrad-Saison. Dank gro\u00dffl\u00e4chiger Netz- und Stretcheins\u00e4tze bietet sie nicht nur optimale Bewegungsfreiheit, sondern auch angenehme Luftzirkulation. Besonders praktisch: Durch zwei integrierte Tragegurte l\u00e4sst sich die Jacke bei Bedarf als Rucksack tragen.<\/p>\n<\/div>\n<div class=\"productdetails__form-wrapper\">\n<div class=\"productdetails__form-dropdown mnm-form--colors\"><\/div>\n<\/div>\n<\/div>\n","protected":false},"featured_media":2948,"template":"","meta":{"_links_to":"","_links_to_target":""},"product_cat":[23,29],"product_tag":[],"acf":[],"_links":{"self":[{"href":"https:\/\/motowalser.ch\/shop\/wp-json\/wp\/v2\/product\/2922"}],"collection":[{"href":"https:\/\/motowalser.ch\/shop\/wp-json\/wp\/v2\/product"}],"about":[{"href":"https:\/\/motowalser.ch\/shop\/wp-json\/wp\/v2\/types\/product"}],"wp:featuredmedia":[{"embeddable":true,"href":"https:\/\/motowalser.ch\/shop\/wp-json\/wp\/v2\/media\/2948"}],"wp:attachment":[{"href":"https:\/\/motowalser.ch\/shop\/wp-json\/wp\/v2\/media?parent=2922"}],"wp:term":[{"taxonomy":"product_cat","embeddable":true,"href":"https:\/\/motowalser.ch\/shop\/wp-json\/wp\/v2\/product_cat?post=2922"},{"taxonomy":"product_tag","embeddable":true,"href":"https:\/\/motowalser.ch\/shop\/wp-json\/wp\/v2\/product_tag?post=2922"}],"curies":[{"name":"wp","href":"https:\/\/api.w.org\/{rel}","templated":true}]}}