{"id":2905,"date":"2024-01-23T13:03:36","date_gmt":"2024-01-23T12:03:36","guid":{"rendered":"https:\/\/motowalser.ch\/shop\/?post_type=product&#038;p=2905"},"modified":"2024-08-13T21:14:29","modified_gmt":"2024-08-13T19:14:29","slug":"hose-gs-adrar","status":"publish","type":"product","link":"https:\/\/motowalser.ch\/shop\/produkt\/hose-gs-adrar\/","title":{"rendered":"Hose GS Adrar"},"content":{"rendered":"","protected":false},"excerpt":{"rendered":"<div class=\"productdetails__content\">\n<p class=\"mnm-productdetails-description\">Die Hose GS Adrar eignet sich dank des leichten und atmungsaktiven Materials bestens f\u00fcr den Einsatz bei warmem Wetter. Die leichte Hose ist mit NP3-Protektoren an Knien und H\u00fcfte ausgestattet, ein Hitzeschutzbesatz am Saum sorgt f\u00fcr zus\u00e4tzliche Sicherheit. Hochwertiges Detail: die Lederapplikationen an der Beininnenseite.<\/p>\n<\/div>\n<div class=\"productdetails__form-wrapper\">\n<div class=\"productdetails__form-dropdown mnm-form--colors\"><\/div>\n<\/div>\n","protected":false},"featured_media":2917,"template":"","meta":{"_links_to":"","_links_to_target":""},"product_cat":[100,23],"product_tag":[],"acf":[],"_links":{"self":[{"href":"https:\/\/motowalser.ch\/shop\/wp-json\/wp\/v2\/product\/2905"}],"collection":[{"href":"https:\/\/motowalser.ch\/shop\/wp-json\/wp\/v2\/product"}],"about":[{"href":"https:\/\/motowalser.ch\/shop\/wp-json\/wp\/v2\/types\/product"}],"wp:featuredmedia":[{"embeddable":true,"href":"https:\/\/motowalser.ch\/shop\/wp-json\/wp\/v2\/media\/2917"}],"wp:attachment":[{"href":"https:\/\/motowalser.ch\/shop\/wp-json\/wp\/v2\/media?parent=2905"}],"wp:term":[{"taxonomy":"product_cat","embeddable":true,"href":"https:\/\/motowalser.ch\/shop\/wp-json\/wp\/v2\/product_cat?post=2905"},{"taxonomy":"product_tag","embeddable":true,"href":"https:\/\/motowalser.ch\/shop\/wp-json\/wp\/v2\/product_tag?post=2905"}],"curies":[{"name":"wp","href":"https:\/\/api.w.org\/{rel}","templated":true}]}}