{"id":2864,"date":"2024-01-23T11:30:11","date_gmt":"2024-01-23T10:30:11","guid":{"rendered":"https:\/\/motowalser.ch\/shop\/?post_type=product&#038;p=2864"},"modified":"2024-08-13T21:14:28","modified_gmt":"2024-08-13T19:14:28","slug":"hose-gs-rallye-air-2024","status":"publish","type":"product","link":"https:\/\/motowalser.ch\/shop\/produkt\/hose-gs-rallye-air-2024\/","title":{"rendered":"Hose GS Rallye Air 2024"},"content":{"rendered":"","protected":false},"excerpt":{"rendered":"<p>Die Hose GS Rallye AIR eignet sich besonders f\u00fcr Fahrten in hei\u00dfem Klima. Das extrem abriebfeste und luftdurchl\u00e4ssige Polyamid-Material sorgt f\u00fcr optimale Bel\u00fcftung und zusammen mit mehreren NP3-Protektoren f\u00fcr hohe Sicherheit. Den modernen Look erg\u00e4nzen jeweils zwei Taschen an H\u00fcfte und Oberschenkel.<\/p>\n","protected":false},"featured_media":2876,"template":"","meta":{"_links_to":"","_links_to_target":""},"product_cat":[100,23],"product_tag":[],"acf":[],"_links":{"self":[{"href":"https:\/\/motowalser.ch\/shop\/wp-json\/wp\/v2\/product\/2864"}],"collection":[{"href":"https:\/\/motowalser.ch\/shop\/wp-json\/wp\/v2\/product"}],"about":[{"href":"https:\/\/motowalser.ch\/shop\/wp-json\/wp\/v2\/types\/product"}],"wp:featuredmedia":[{"embeddable":true,"href":"https:\/\/motowalser.ch\/shop\/wp-json\/wp\/v2\/media\/2876"}],"wp:attachment":[{"href":"https:\/\/motowalser.ch\/shop\/wp-json\/wp\/v2\/media?parent=2864"}],"wp:term":[{"taxonomy":"product_cat","embeddable":true,"href":"https:\/\/motowalser.ch\/shop\/wp-json\/wp\/v2\/product_cat?post=2864"},{"taxonomy":"product_tag","embeddable":true,"href":"https:\/\/motowalser.ch\/shop\/wp-json\/wp\/v2\/product_tag?post=2864"}],"curies":[{"name":"wp","href":"https:\/\/api.w.org\/{rel}","templated":true}]}}