{"id":2833,"date":"2024-01-23T11:15:08","date_gmt":"2024-01-23T10:15:08","guid":{"rendered":"https:\/\/motowalser.ch\/shop\/?post_type=product&#038;p=2833"},"modified":"2024-08-13T21:14:28","modified_gmt":"2024-08-13T19:14:28","slug":"hose-gs-puna-gore-tex-2024","status":"publish","type":"product","link":"https:\/\/motowalser.ch\/shop\/produkt\/hose-gs-puna-gore-tex-2024\/","title":{"rendered":"Hose GS Puna Gore Tex 2024"},"content":{"rendered":"","protected":false},"excerpt":{"rendered":"<p>Die robuste Hose GS Puna GORE-TEX ist auch f\u00fcr Touren abseits befestigter Stra\u00dfen bestens ger\u00fcstet. Durch die GORE-TEX Z-Liner-Konstruktion ist die Hose sowohl wasserdicht als auch \u00e4u\u00dferst atmungsaktiv. Elastische Eins\u00e4tze lassen mehr Beweglichkeit zu und verbessern zusammen mit mehreren Verstellm\u00f6glichkeiten die Passform.<\/p>\n","protected":false},"featured_media":2834,"template":"","meta":{"_links_to":"","_links_to_target":""},"product_cat":[100,23],"product_tag":[],"acf":[],"_links":{"self":[{"href":"https:\/\/motowalser.ch\/shop\/wp-json\/wp\/v2\/product\/2833"}],"collection":[{"href":"https:\/\/motowalser.ch\/shop\/wp-json\/wp\/v2\/product"}],"about":[{"href":"https:\/\/motowalser.ch\/shop\/wp-json\/wp\/v2\/types\/product"}],"wp:featuredmedia":[{"embeddable":true,"href":"https:\/\/motowalser.ch\/shop\/wp-json\/wp\/v2\/media\/2834"}],"wp:attachment":[{"href":"https:\/\/motowalser.ch\/shop\/wp-json\/wp\/v2\/media?parent=2833"}],"wp:term":[{"taxonomy":"product_cat","embeddable":true,"href":"https:\/\/motowalser.ch\/shop\/wp-json\/wp\/v2\/product_cat?post=2833"},{"taxonomy":"product_tag","embeddable":true,"href":"https:\/\/motowalser.ch\/shop\/wp-json\/wp\/v2\/product_tag?post=2833"}],"curies":[{"name":"wp","href":"https:\/\/api.w.org\/{rel}","templated":true}]}}