{"id":2818,"date":"2024-01-23T10:18:00","date_gmt":"2024-01-23T09:18:00","guid":{"rendered":"https:\/\/motowalser.ch\/shop\/?post_type=product&#038;p=2818"},"modified":"2024-08-13T21:14:28","modified_gmt":"2024-08-13T19:14:28","slug":"jacke-gs-puna-gore-tex-2024","status":"publish","type":"product","link":"https:\/\/motowalser.ch\/shop\/produkt\/jacke-gs-puna-gore-tex-2024\/","title":{"rendered":"JACKE GS PUNA GORE-TEX 2024"},"content":{"rendered":"","protected":false},"excerpt":{"rendered":"<div class=\"productdetails__content\">\n<p class=\"mnm-productdetails-description\">Die robuste Jacke GS Puna GORE-TEX ist auch f\u00fcr Touren abseits befestigter Stra\u00dfen bestens ger\u00fcstet. Das Obermaterial besteht aus einer hochfesten Polyamid-Baumwoll-Mischung, sturzgef\u00e4hrdete Stellen sind durch gerasterte PU-Beschichtungen mit Keramikpartikeln verst\u00e4rkt. Die GORE-TEX Z-Liner-Konstruktion h\u00e4lt die Jacke wasserdicht und atmungsaktiv.<\/p>\n<\/div>\n<div class=\"productdetails__form-wrapper\">\n<div class=\"productdetails__form-dropdown mnm-form--colors\"><\/div>\n<\/div>\n","protected":false},"featured_media":2830,"template":"","meta":{"_links_to":"","_links_to_target":""},"product_cat":[23,29],"product_tag":[],"acf":[],"_links":{"self":[{"href":"https:\/\/motowalser.ch\/shop\/wp-json\/wp\/v2\/product\/2818"}],"collection":[{"href":"https:\/\/motowalser.ch\/shop\/wp-json\/wp\/v2\/product"}],"about":[{"href":"https:\/\/motowalser.ch\/shop\/wp-json\/wp\/v2\/types\/product"}],"wp:featuredmedia":[{"embeddable":true,"href":"https:\/\/motowalser.ch\/shop\/wp-json\/wp\/v2\/media\/2830"}],"wp:attachment":[{"href":"https:\/\/motowalser.ch\/shop\/wp-json\/wp\/v2\/media?parent=2818"}],"wp:term":[{"taxonomy":"product_cat","embeddable":true,"href":"https:\/\/motowalser.ch\/shop\/wp-json\/wp\/v2\/product_cat?post=2818"},{"taxonomy":"product_tag","embeddable":true,"href":"https:\/\/motowalser.ch\/shop\/wp-json\/wp\/v2\/product_tag?post=2818"}],"curies":[{"name":"wp","href":"https:\/\/api.w.org\/{rel}","templated":true}]}}