{"id":2717,"date":"2024-01-23T08:55:50","date_gmt":"2024-01-23T07:55:50","guid":{"rendered":"https:\/\/motowalser.ch\/shop\/?post_type=product&#038;p=2717"},"modified":"2024-08-13T21:14:28","modified_gmt":"2024-08-13T19:14:28","slug":"jacke-gs-rallye-gtx-herren","status":"publish","type":"product","link":"https:\/\/motowalser.ch\/shop\/produkt\/jacke-gs-rallye-gtx-herren\/","title":{"rendered":"Jacke GS Rallye GTX Herren"},"content":{"rendered":"","protected":false},"excerpt":{"rendered":"<p>Die gut bel\u00fcftete Jacke GS Rallye GORE-TEX sch\u00fctzt mit ihrem wasserdichten GORE-TEX-Outsert bestens vor Wind, schlechtem Wetter und Schmutz. Das extrem abriebfeste Polyamid-Baumwoll-Material sorgt zusammen mit NP3-Gelenkprotektoren f\u00fcr hohe Sicherheit. Den modernen Look erg\u00e4nzen praktische Details wie zahlreiche Innen- und Au\u00dfentaschen.<\/p>\n<ul>\n<li>Endurojacke im modernen Look<\/li>\n<li>AirVent-System mit Netzfutter und separatem Zipper<\/li>\n<li>Wasserdichtes GORE-TEX\u00ae-Outsert f\u00fcr jedes Wetter<\/li>\n<li>Extrem abriebfestes und luftdurchl\u00e4ssiges Polyamid-Baumwoll-Material<\/li>\n<li>\u00c4rmel, Front und R\u00fccken mit Bel\u00fcftungsrei\u00dfverschl\u00fcssen ausgestattet<\/li>\n<li>Geeignet f\u00fcr hei\u00dfe bis mittlere, mit Outsert auch f\u00fcr k\u00fchlere Temperaturen<\/li>\n<li>NP3-Gelenkprotektoren, NP3-Long-Back-Protector<\/li>\n<li>Vier Fronttaschen, eine hintere gro\u00dfe Tasche und eine kleine Tasche am \u00c4rmel<\/li>\n<li>Tasche f\u00fcr TrinkPak Hydra auf der R\u00fcckseite, von au\u00dfen zug\u00e4nglich<\/li>\n<li>Perforiertes Netzfutter in der Jacke, atmungsaktiv und elastisch<\/li>\n<li>Zwei Innentaschen mit Rei\u00dfverschluss<\/li>\n<li>3D-Abstandsgewirke im R\u00fccken zur Bel\u00fcftung des R\u00fcckenprotektors<\/li>\n<li>Kragenverschluss mit zwei Druckkn\u00f6pfen<\/li>\n<li>Stufenlos anpassbarer \u00c4rmelsaum mit Klettverschluss<\/li>\n<li>Verbindungsrei\u00dfverschluss: umlaufend und kurz<\/li>\n<li>BMW Schnelleinstellung zur Regulierung der \u00c4rmelweite<\/li>\n<li>Reflektierender Druck auf \u00c4rmel und R\u00fccken<\/li>\n<li>Vertikaler BMW\u00a0Motorrad Reflexdruck auf der R\u00fcckseite<\/li>\n<li>BMW Logo auf beiden \u00c4rmeln<\/li>\n<li>Schutzklasse AA, EN 17092<\/li>\n<li>Customer Type: Spirit\u00a0of\u00a0GS<\/li>\n<\/ul>\n","protected":false},"featured_media":2744,"template":"","meta":{"_links_to":"","_links_to_target":""},"product_cat":[42,23,29],"product_tag":[104,128,76,132,112],"acf":[],"_links":{"self":[{"href":"https:\/\/motowalser.ch\/shop\/wp-json\/wp\/v2\/product\/2717"}],"collection":[{"href":"https:\/\/motowalser.ch\/shop\/wp-json\/wp\/v2\/product"}],"about":[{"href":"https:\/\/motowalser.ch\/shop\/wp-json\/wp\/v2\/types\/product"}],"wp:featuredmedia":[{"embeddable":true,"href":"https:\/\/motowalser.ch\/shop\/wp-json\/wp\/v2\/media\/2744"}],"wp:attachment":[{"href":"https:\/\/motowalser.ch\/shop\/wp-json\/wp\/v2\/media?parent=2717"}],"wp:term":[{"taxonomy":"product_cat","embeddable":true,"href":"https:\/\/motowalser.ch\/shop\/wp-json\/wp\/v2\/product_cat?post=2717"},{"taxonomy":"product_tag","embeddable":true,"href":"https:\/\/motowalser.ch\/shop\/wp-json\/wp\/v2\/product_tag?post=2717"}],"curies":[{"name":"wp","href":"https:\/\/api.w.org\/{rel}","templated":true}]}}