{"id":2681,"date":"2024-01-16T17:50:58","date_gmt":"2024-01-16T16:50:58","guid":{"rendered":"https:\/\/motowalser.ch\/shop\/?post_type=product&#038;p=2681"},"modified":"2024-08-13T21:14:28","modified_gmt":"2024-08-13T19:14:28","slug":"hose-moreno-gore-tex","status":"publish","type":"product","link":"https:\/\/motowalser.ch\/shop\/produkt\/hose-moreno-gore-tex\/","title":{"rendered":"Hose Moreno Gore-Tex"},"content":{"rendered":"","protected":false},"excerpt":{"rendered":"<div class=\"productdetails__content\">\n<p class=\"mnm-productdetails-description\">Die Hose Moreno GORE-TEX mit NP3-Gelenk- und H\u00fcftprotektoren ist der perfekte Begleiter f\u00fcr ausgedehnte Touren. Das robuste GORE-TEX Drei-Lagen-Laminat h\u00e4lt die Hose wasserdicht, mehrere Bel\u00fcftungsm\u00f6glichkeiten erzeugen ein angenehmes Klima. Besonders praktisch: Zahlreiche Verstelloptionen sorgen f\u00fcr perfekten Sitz.<\/p>\n<\/div>\n<div class=\"productdetails__form-dropdown mnm-form--colors\"><\/div>\n<div>Der Anzug Moreno GORE-TEX ist der perfekte Begleiter \u00fcber die ganze Motorradsaison und h\u00e4lt ich sogar im Winter warm.<\/div>\n","protected":false},"featured_media":2714,"template":"","meta":{"_links_to":"","_links_to_target":""},"product_cat":[100,23],"product_tag":[],"acf":[],"_links":{"self":[{"href":"https:\/\/motowalser.ch\/shop\/wp-json\/wp\/v2\/product\/2681"}],"collection":[{"href":"https:\/\/motowalser.ch\/shop\/wp-json\/wp\/v2\/product"}],"about":[{"href":"https:\/\/motowalser.ch\/shop\/wp-json\/wp\/v2\/types\/product"}],"wp:featuredmedia":[{"embeddable":true,"href":"https:\/\/motowalser.ch\/shop\/wp-json\/wp\/v2\/media\/2714"}],"wp:attachment":[{"href":"https:\/\/motowalser.ch\/shop\/wp-json\/wp\/v2\/media?parent=2681"}],"wp:term":[{"taxonomy":"product_cat","embeddable":true,"href":"https:\/\/motowalser.ch\/shop\/wp-json\/wp\/v2\/product_cat?post=2681"},{"taxonomy":"product_tag","embeddable":true,"href":"https:\/\/motowalser.ch\/shop\/wp-json\/wp\/v2\/product_tag?post=2681"}],"curies":[{"name":"wp","href":"https:\/\/api.w.org\/{rel}","templated":true}]}}