{"id":2650,"date":"2024-01-16T14:27:10","date_gmt":"2024-01-16T13:27:10","guid":{"rendered":"https:\/\/motowalser.ch\/shop\/?post_type=product&#038;p=2650"},"modified":"2024-08-13T21:14:28","modified_gmt":"2024-08-13T19:14:28","slug":"jacke-moreno-gtx","status":"publish","type":"product","link":"https:\/\/motowalser.ch\/shop\/produkt\/jacke-moreno-gtx\/","title":{"rendered":"Jacke Moreno GTX"},"content":{"rendered":"","protected":false},"excerpt":{"rendered":"<div class=\"productdetails__content\">\n<p class=\"mnm-productdetails-description\">Die Jacke Moreno GORE-TEX mit NP3-Gelenkprotektoren und einem NP3-R\u00fcckenprotektor ist der perfekte Begleiter f\u00fcr ausgedehnte Touren. Durch die Kombination aus GORE-TEX Drei-Lagen-Laminat und gro\u00dfz\u00fcgigen Bel\u00fcftungsm\u00f6glichkeiten bleibt die Jacke wasserdicht und dennoch optimal klimatisiert. Praktisches Detail: die im Kragen integrierte Sturmhaube.<\/p>\n<\/div>\n<div class=\"productdetails__form-wrapper\">\n<div class=\"productdetails__form-dropdown mnm-form--colors\">Bei kaltem und schlechtem Wetter h\u00e4lt dich das gef\u00fctterte Insert warm.<\/div>\n<\/div>\n","protected":false},"featured_media":2675,"template":"","meta":{"_links_to":"","_links_to_target":""},"product_cat":[23,29],"product_tag":[],"acf":[],"_links":{"self":[{"href":"https:\/\/motowalser.ch\/shop\/wp-json\/wp\/v2\/product\/2650"}],"collection":[{"href":"https:\/\/motowalser.ch\/shop\/wp-json\/wp\/v2\/product"}],"about":[{"href":"https:\/\/motowalser.ch\/shop\/wp-json\/wp\/v2\/types\/product"}],"wp:featuredmedia":[{"embeddable":true,"href":"https:\/\/motowalser.ch\/shop\/wp-json\/wp\/v2\/media\/2675"}],"wp:attachment":[{"href":"https:\/\/motowalser.ch\/shop\/wp-json\/wp\/v2\/media?parent=2650"}],"wp:term":[{"taxonomy":"product_cat","embeddable":true,"href":"https:\/\/motowalser.ch\/shop\/wp-json\/wp\/v2\/product_cat?post=2650"},{"taxonomy":"product_tag","embeddable":true,"href":"https:\/\/motowalser.ch\/shop\/wp-json\/wp\/v2\/product_tag?post=2650"}],"curies":[{"name":"wp","href":"https:\/\/api.w.org\/{rel}","templated":true}]}}