{"id":2612,"date":"2024-01-06T11:50:49","date_gmt":"2024-01-06T10:50:49","guid":{"rendered":"https:\/\/motowalser.ch\/shop\/?post_type=product&#038;p=2612"},"modified":"2024-08-13T21:14:29","modified_gmt":"2024-08-13T19:14:29","slug":"hose-x-ride","status":"publish","type":"product","link":"https:\/\/motowalser.ch\/shop\/produkt\/hose-x-ride\/","title":{"rendered":"Hose X Ride"},"content":{"rendered":"","protected":false},"excerpt":{"rendered":"<p>Die\u00a0<strong>BMW Xride GTX Motorradhose<\/strong> f\u00fcr Herren ist eine vielseitige Hose, die f\u00fcr den Touren-, Roadster- oder sportlichen Einsatz zu jeder Jahreszeit geeignet ist. Es zeichnet sich durch gro\u00dfe Vielseitigkeit, Komfort, Sicherheit und wasserdichtes \u00c4u\u00dferes aus.<\/p>\n<h2>Der Komfort der XRide GTX Motorradhose:<\/h2>\n<p>Die\u00a0<strong>XRide GTX-Hose<\/strong>\u00a0wurde entwickelt, um sich an verschiedene Motorradpraktiken und ihre unterschiedlichen Untergr\u00fcnde anzupassen, und bietet dank einer Ziehharmonika-Konstruktion und\u00a0<strong>ergonomischen Lederfalten<\/strong>\u00a0an Knien und Bund gro\u00dfe\u00a0<strong>Bewegungsfreiheit<\/strong>. Das Vorhandensein von\u00a0<strong>elastischen Eins\u00e4tzen<\/strong>\u00a0macht die Hose sehr flexibel.<\/p>\n<p>Mit einem Regular Fit Sportschnitt verleiht dir die Hose einen eher sportlichen Look, da sie recht eng am K\u00f6rper anliegt. Es bleibt jedoch f\u00fcr lange Motorradreisen geeignet und\u00a0<strong>komfortabel<\/strong>.<\/p>\n<p>Um Ihnen am besten zu\u00a0<strong>passen<\/strong>, ist der G\u00fcrtel mit Klettverschluss verstellbar. Das An- und Ausziehen der Hose ist mit Hilfe von seitlichen\u00a0<strong>Rei\u00dfverschl\u00fcssen<\/strong>\u00a0sehr einfach. Auch die Beinabschl\u00fcsse lassen sich mit Rei\u00dfverschl\u00fcssen verbreitern, sodass Sie Ihre Stiefel bequem an- und ausziehen k\u00f6nnen.<\/p>\n<p>Die Hose wird mit einer\u00a0<strong>wasserdichten<\/strong>\u00a0(10.000 mm Wassers\u00e4ule) und\u00a0<strong>winddichten<\/strong>\u00a0\u00dcberhose geliefert. Dieser Aufsatz ist ziemlich kompakt und leicht zu verstauen.<\/p>\n<p>Praktisch, die Hose ist mit<strong>\u00a03 Taschen<\/strong>\u00a0ausgestattet, von denen sich eine innen befindet.<\/p>\n<p>Als Teil des XRide GTX-Sets ist die Hose mit einem\u00a0<strong>Montagerei\u00dfverschluss<\/strong> zum Verbinden mit der zugeh\u00f6rigen Jacke erh\u00e4ltlich.<\/p>\n<h2>Die Sicherheit der BMW Motorrad Xride GTX Hose:<\/h2>\n<p>Von ihrer Zusammensetzung her stellt die<strong>\u00a0XRide GTX Hose<\/strong>\u00a0Ihre Sicherheit an erste Stelle. Die Eins\u00e4tze aus elastischem Material sind sehr\u00a0<strong>widerstandsf\u00e4hig<\/strong>\u00a0und\u00a0<strong>abriebfest<\/strong>, selbstverst\u00e4ndlich ist auch das Leder sehr widerstandsf\u00e4hig. Au\u00dferdem gibt es\u00a0<strong>Rindsledereins\u00e4tze<\/strong>\u00a0an gef\u00e4hrdeten Stellen zur Verst\u00e4rkung sowie an den Innenseiten der Beine, um eine gute Haftung mit dem Motorradtank zu gew\u00e4hrleisten.<\/p>\n<p>Die Hose entspricht der\u00a0<strong>Schutzklasse AA<\/strong>\u00a0und ist mit\u00a0<strong>NP3-Protektoren<\/strong>\u00a0an\u00a0<strong>H\u00fcfte<\/strong>\u00a0und\u00a0<strong>Knie<\/strong>\u00a0ausgestattet. Die Kniesch\u00fctzer sind dreifach\u00a0<strong>h\u00f6henverstellbar<\/strong>.<\/p>\n<p>An den Knien und Kn\u00f6cheln befinden sich\u00a0<strong>reflektierende Streifen<\/strong>, um Ihre\u00a0<strong>Sichtbarkeit<\/strong> zu gew\u00e4hrleisten. Diese B\u00e4nder sind auch auf dem Outsert vorhanden.<\/p>\n<h2>Weitere Informationen :<\/h2>\n<ul>\n<li>Verwendung: Touring, Roadster, Sport<\/li>\n<li>Geschlecht m\u00e4nnlich<\/li>\n<li>Jahreszeit: alle Jahreszeiten<\/li>\n<li>Obermaterial Leder: 100 % Rindsleder<\/li>\n<li>Obermaterial Elastikeins\u00e4tze: 95 % Polyamid, 5 % Spandex<\/li>\n<li>Obermaterial: 100 % Polyester<\/li>\n<li>Schutzklasse AA<\/li>\n<li>NP3 Protektoren: Knie und H\u00fcfte<\/li>\n<li>Reflektierende Streifen<\/li>\n<li>3 Taschen<\/li>\n<li>Regenjacke<\/li>\n<\/ul>\n<h2>Inhalt der Box:<\/h2>\n<ul>\n<li>1 XRide GTX-Hose<\/li>\n<li>1 Regenmantel<\/li>\n<\/ul>\n","protected":false},"featured_media":2635,"template":"","meta":{"_links_to":"","_links_to_target":""},"product_cat":[100,108,41,42,23],"product_tag":[],"acf":[],"_links":{"self":[{"href":"https:\/\/motowalser.ch\/shop\/wp-json\/wp\/v2\/product\/2612"}],"collection":[{"href":"https:\/\/motowalser.ch\/shop\/wp-json\/wp\/v2\/product"}],"about":[{"href":"https:\/\/motowalser.ch\/shop\/wp-json\/wp\/v2\/types\/product"}],"wp:featuredmedia":[{"embeddable":true,"href":"https:\/\/motowalser.ch\/shop\/wp-json\/wp\/v2\/media\/2635"}],"wp:attachment":[{"href":"https:\/\/motowalser.ch\/shop\/wp-json\/wp\/v2\/media?parent=2612"}],"wp:term":[{"taxonomy":"product_cat","embeddable":true,"href":"https:\/\/motowalser.ch\/shop\/wp-json\/wp\/v2\/product_cat?post=2612"},{"taxonomy":"product_tag","embeddable":true,"href":"https:\/\/motowalser.ch\/shop\/wp-json\/wp\/v2\/product_tag?post=2612"}],"curies":[{"name":"wp","href":"https:\/\/api.w.org\/{rel}","templated":true}]}}