{"id":2594,"date":"2024-01-06T09:56:20","date_gmt":"2024-01-06T08:56:20","guid":{"rendered":"https:\/\/motowalser.ch\/shop\/?post_type=product&#038;p=2594"},"modified":"2024-08-13T21:14:29","modified_gmt":"2024-08-13T19:14:29","slug":"jacke-x-ride","status":"publish","type":"product","link":"https:\/\/motowalser.ch\/shop\/produkt\/jacke-x-ride\/","title":{"rendered":"Jacke X Ride"},"content":{"rendered":"","protected":false},"excerpt":{"rendered":"<p>Die\u00a0<strong>BMW XRide GTX Motorradjacke<\/strong> f\u00fcr Herren ist f\u00fcr einen sehr vielseitigen Einsatz gedacht: Sie kann eher roadstertauglich oder auch sportlich sein, genauso wie sie tourentauglich ist. Sein besonderer Stil, dezent und sportlich zugleich<\/p>\n<h2>Der Komfort der BMW Motorrad Jacke XRide GTX:<\/h2>\n<p>Da die BMW XRide GTX Jacke vielseitig einsetzbar ist, ist sie\u00a0<strong>sehr bequem<\/strong>. Bestehend aus einem Mix aus elastischen Materialien, Textilien und Leder bietet sie viel Bewegungsfreiheit. Es gibt ein ergonomisches Lederdesign sowie elastische B\u00e4nder an Schultern und Armen.<br \/>\nSportlich normal geschnitten liegt die Jacke eher k\u00f6rpernah an und\u00a0<strong>passt<\/strong>\u00a0sich durch Gummiz\u00fcge an Armen und Taille automatisch an.<\/p>\n<p>Die\u00a0<strong>gute Bel\u00fcftung<\/strong>\u00a0der Jacke wird durch das\u00a0<strong>AirVent-System<\/strong>\u00a0erm\u00f6glicht, das den Hauptrei\u00dfverschluss teilt, um Luft w\u00e4hrend der Fahrt passieren zu lassen. Auf der R\u00fcckseite befindet sich au\u00dferdem ein Stoff mit\u00a0<strong>3D-Struktur,<\/strong>\u00a0der eine optimale Luftzirkulation erm\u00f6glicht.<\/p>\n<p>\u00c4u\u00dferst praktisch, die\u00a0<strong>wasserdichte \u00dcberjacke<\/strong>\u00a0wird mit der Jacke geliefert. Dieser Outsert enth\u00e4lt eine im Kragen integrierte wasserdichte Kapuze. Kompakt, seine Aufbewahrung ist praktisch und problemlos.<br \/>\nDie Jacke enth\u00e4lt au\u00dferdem insgesamt\u00a0<strong>9 Taschen<\/strong>, d. h. 4 vorne, davon 1 wasserdicht, 1 hinten (zur Aufbewahrung der Oberbekleidung), 2 Innentaschen und 2 Taschen an der \u00dcberjacke.<\/p>\n<p>Als Teil eines Sets verf\u00fcgt die Jacke \u00fcber einen umlaufenden\u00a0<strong>Montagerei\u00dfverschluss<\/strong>, um sie mit der dazugeh\u00f6rigen Hose zu verbinden.<\/p>\n<h2>Die Sicherheit der XRide GTX Motorradjacke:<\/h2>\n<p>Gem\u00e4\u00df der\u00a0<strong>Schutzklasse AA<\/strong>\u00a0und f\u00fcr unterschiedliche Einsatzzwecke geeignet, ist die Jacke zum einen durch die\u00a0<strong>Ledereins\u00e4tze<\/strong>\u00a0besonders an\u00a0<strong>exponierten<\/strong>\u00a0Stellen sehr sturz- und abriebfest, zudem ist sie durch ihre Beschaffenheit\u00a0<strong>abriebfest<\/strong>. F\u00fcr optimale Sichtbarkeit ist die Jacke mit\u00a0<strong>Reflexstreifen<\/strong>\u00a0an der Jacke und an der \u00dcberjacke ausgestattet.<\/p>\n<p>Abnehmbare\u00a0<strong>NP3-Protektoren<\/strong>\u00a0befinden sich auf\u00a0<strong>R\u00fccken<\/strong>,\u00a0<strong>Schultern\u00a0<\/strong>und\u00a0<strong>Ellbogen<\/strong>. Durch den sportlichen Schnitt liegen die Kn\u00f6chelschoner recht k\u00f6rpernah an.<\/p>\n<h2>Weitere Informationen :<\/h2>\n<ul>\n<li>Einsatz: vielseitig (Sport, Touring, Roadster)<\/li>\n<li>Geschlecht m\u00e4nnlich<\/li>\n<li>Jahreszeit: alle Jahreszeiten<\/li>\n<li>Obermaterial 1: 100 % Rindsleder<\/li>\n<li>Obermaterial 2: 95 % Polyamid, 5 % Elasthan<\/li>\n<li>\u00dcberjacke: 100 % Polyester<\/li>\n<li>Schutzklasse AA<\/li>\n<li>Protektoren: NP3 Schultern, Ellbogen, R\u00fccken<\/li>\n<li>Reflektierende Streifen<\/li>\n<li>Wasserdichte \u00dcberjacke<\/li>\n<li>Montage-Rei\u00dfverschluss<\/li>\n<\/ul>\n<h2>Lieferumfang:<\/h2>\n<ul>\n<li>1 XRide GTX-Jacke<\/li>\n<li>1 wasserdichte \u00dcberjacke<\/li>\n<\/ul>\n","protected":false},"featured_media":2606,"template":"","meta":{"_links_to":"","_links_to_target":""},"product_cat":[108,41,42,23,29],"product_tag":[],"acf":[],"_links":{"self":[{"href":"https:\/\/motowalser.ch\/shop\/wp-json\/wp\/v2\/product\/2594"}],"collection":[{"href":"https:\/\/motowalser.ch\/shop\/wp-json\/wp\/v2\/product"}],"about":[{"href":"https:\/\/motowalser.ch\/shop\/wp-json\/wp\/v2\/types\/product"}],"wp:featuredmedia":[{"embeddable":true,"href":"https:\/\/motowalser.ch\/shop\/wp-json\/wp\/v2\/media\/2606"}],"wp:attachment":[{"href":"https:\/\/motowalser.ch\/shop\/wp-json\/wp\/v2\/media?parent=2594"}],"wp:term":[{"taxonomy":"product_cat","embeddable":true,"href":"https:\/\/motowalser.ch\/shop\/wp-json\/wp\/v2\/product_cat?post=2594"},{"taxonomy":"product_tag","embeddable":true,"href":"https:\/\/motowalser.ch\/shop\/wp-json\/wp\/v2\/product_tag?post=2594"}],"curies":[{"name":"wp","href":"https:\/\/api.w.org\/{rel}","templated":true}]}}