{"id":2296,"date":"2023-03-10T15:27:17","date_gmt":"2023-03-10T14:27:17","guid":{"rendered":"https:\/\/motowalser.ch\/shop\/?post_type=product&#038;p=2296"},"modified":"2024-08-13T21:14:29","modified_gmt":"2024-08-13T19:14:29","slug":"jacke-gs-puna-gore-tex","status":"publish","type":"product","link":"https:\/\/motowalser.ch\/shop\/produkt\/jacke-gs-puna-gore-tex\/","title":{"rendered":"JACKE GS PUNA GORE-TEX"},"content":{"rendered":"","protected":false},"excerpt":{"rendered":"<p>Die robuste Jacke GS Puna GORE-TEX ist auch f\u00fcr Touren abseits befestigter Stra\u00dfen bestens ger\u00fcstet. Das Obermaterial besteht aus einer hochfesten Polyamid-Baumwoll-Mischung, sturzgef\u00e4hrdete Stellen sind durch gerasterte PU-Beschichtungen mit Keramikpartikeln verst\u00e4rkt. Die GORE-TEX Z-Liner-Konstruktion h\u00e4lt die Jacke wasserdicht und atmungsaktiv.<\/p>\n","protected":false},"featured_media":2308,"template":"","meta":{"_links_to":"","_links_to_target":""},"product_cat":[23,29],"product_tag":[],"acf":[],"_links":{"self":[{"href":"https:\/\/motowalser.ch\/shop\/wp-json\/wp\/v2\/product\/2296"}],"collection":[{"href":"https:\/\/motowalser.ch\/shop\/wp-json\/wp\/v2\/product"}],"about":[{"href":"https:\/\/motowalser.ch\/shop\/wp-json\/wp\/v2\/types\/product"}],"wp:featuredmedia":[{"embeddable":true,"href":"https:\/\/motowalser.ch\/shop\/wp-json\/wp\/v2\/media\/2308"}],"wp:attachment":[{"href":"https:\/\/motowalser.ch\/shop\/wp-json\/wp\/v2\/media?parent=2296"}],"wp:term":[{"taxonomy":"product_cat","embeddable":true,"href":"https:\/\/motowalser.ch\/shop\/wp-json\/wp\/v2\/product_cat?post=2296"},{"taxonomy":"product_tag","embeddable":true,"href":"https:\/\/motowalser.ch\/shop\/wp-json\/wp\/v2\/product_tag?post=2296"}],"curies":[{"name":"wp","href":"https:\/\/api.w.org\/{rel}","templated":true}]}}