{"id":2181,"date":"2022-11-05T09:39:31","date_gmt":"2022-11-05T08:39:31","guid":{"rendered":"https:\/\/motowalser.ch\/shop\/?post_type=product&#038;p=2181"},"modified":"2024-08-13T22:11:33","modified_gmt":"2024-08-13T20:11:33","slug":"schliesszylinder-fuer-aluminiumkoffer","status":"publish","type":"product","link":"https:\/\/motowalser.ch\/shop\/produkt\/schliesszylinder-fuer-aluminiumkoffer\/","title":{"rendered":"Schliesszylinder f\u00fcr Aluminiumkoffer"},"content":{"rendered":"","protected":false},"excerpt":{"rendered":"<p>F\u00fcr die Seitenkoffer je 3 Schliesszylinder und f\u00fcr das Topcase braucht man 2 Schliesszylinder.<\/p>\n","protected":false},"featured_media":2182,"template":"","meta":{"_links_to":"","_links_to_target":""},"product_cat":[52,46],"product_tag":[378,377,376],"acf":[],"_links":{"self":[{"href":"https:\/\/motowalser.ch\/shop\/wp-json\/wp\/v2\/product\/2181"}],"collection":[{"href":"https:\/\/motowalser.ch\/shop\/wp-json\/wp\/v2\/product"}],"about":[{"href":"https:\/\/motowalser.ch\/shop\/wp-json\/wp\/v2\/types\/product"}],"wp:featuredmedia":[{"embeddable":true,"href":"https:\/\/motowalser.ch\/shop\/wp-json\/wp\/v2\/media\/2182"}],"wp:attachment":[{"href":"https:\/\/motowalser.ch\/shop\/wp-json\/wp\/v2\/media?parent=2181"}],"wp:term":[{"taxonomy":"product_cat","embeddable":true,"href":"https:\/\/motowalser.ch\/shop\/wp-json\/wp\/v2\/product_cat?post=2181"},{"taxonomy":"product_tag","embeddable":true,"href":"https:\/\/motowalser.ch\/shop\/wp-json\/wp\/v2\/product_tag?post=2181"}],"curies":[{"name":"wp","href":"https:\/\/api.w.org\/{rel}","templated":true}]}}