{"id":2091,"date":"2022-09-16T15:07:20","date_gmt":"2022-09-16T13:07:20","guid":{"rendered":"https:\/\/motowalser.ch\/shop\/?post_type=product&#038;p=2091"},"modified":"2024-08-13T22:11:38","modified_gmt":"2024-08-13T20:11:38","slug":"variokoffer-li-re","status":"publish","type":"product","link":"https:\/\/motowalser.ch\/shop\/produkt\/variokoffer-li-re\/","title":{"rendered":"Variokoffer Li + Re"},"content":{"rendered":"","protected":false},"excerpt":{"rendered":"<p>Die Variokoffer mit patentiertem Verstellmechanismus bietet einen Stauraum von 75 bis 93 l. Das variable Volumen zahlt sich besonders im Stadtverkehr aus, da sich zugleich die Breite des Koffers verringern l\u00e4sst. Selbstverst\u00e4ndlich sind die Variokoffer und das Vario-Topcase wasserdicht und auch f\u00fcr den Gel\u00e4ndeeinsatz geeignet.<\/p>\n<ul>\n<li>Volumen: 20\u201329 l (rechts), 30\u201339 l (links)<\/li>\n<li>Wasserdicht und gel\u00e4ndetauglich<\/li>\n<li>Patentierter Verstellmechanismus<\/li>\n<li>Innovativer Anbindungsmechanismus ans Fahrzeug<\/li>\n<li>Reduzierte Breite bringt Vorteile im Stadtverkehr<\/li>\n<li>Gro\u00dfer GS-Schriftzug<\/li>\n<\/ul>\n<p>Achtung f\u00fcr jeden Variokoffer braucht man noch je 1x Schliesszylinder 51257698202 der Preis liegt bei 30.-<\/p>\n","protected":false},"featured_media":2096,"template":"","meta":{"_links_to":"","_links_to_target":""},"product_cat":[52,41,46],"product_tag":[199,128,353,240,354,352],"acf":[],"_links":{"self":[{"href":"https:\/\/motowalser.ch\/shop\/wp-json\/wp\/v2\/product\/2091"}],"collection":[{"href":"https:\/\/motowalser.ch\/shop\/wp-json\/wp\/v2\/product"}],"about":[{"href":"https:\/\/motowalser.ch\/shop\/wp-json\/wp\/v2\/types\/product"}],"wp:featuredmedia":[{"embeddable":true,"href":"https:\/\/motowalser.ch\/shop\/wp-json\/wp\/v2\/media\/2096"}],"wp:attachment":[{"href":"https:\/\/motowalser.ch\/shop\/wp-json\/wp\/v2\/media?parent=2091"}],"wp:term":[{"taxonomy":"product_cat","embeddable":true,"href":"https:\/\/motowalser.ch\/shop\/wp-json\/wp\/v2\/product_cat?post=2091"},{"taxonomy":"product_tag","embeddable":true,"href":"https:\/\/motowalser.ch\/shop\/wp-json\/wp\/v2\/product_tag?post=2091"}],"curies":[{"name":"wp","href":"https:\/\/api.w.org\/{rel}","templated":true}]}}