{"id":2084,"date":"2022-09-16T15:12:22","date_gmt":"2022-09-16T13:12:22","guid":{"rendered":"https:\/\/motowalser.ch\/shop\/?post_type=product&#038;p=2084"},"modified":"2024-08-13T22:00:38","modified_gmt":"2024-08-13T20:00:38","slug":"variotopcase","status":"publish","type":"product","link":"https:\/\/motowalser.ch\/shop\/produkt\/variotopcase\/","title":{"rendered":"Variotopcase"},"content":{"rendered":"","protected":false},"excerpt":{"rendered":"<p>Das Vario-Topcase mit patentiertem Verstellmechanismus bietet einen Stauraum von 25 bis 35l. Das variable Volumen zahlt sich besonders im Stadtverkehr aus, da sich zugleich die Breite des Koffers verringern l\u00e4sst. Selbstverst\u00e4ndlich sind die Variokoffer und das Vario-Topcase wasserdicht und auch f\u00fcr den Gel\u00e4ndeeinsatz geeignet.<\/p>\n<ul>\n<li>25\u201335 l (Topcase)<\/li>\n<li>Wasserdicht und gel\u00e4ndetauglich<\/li>\n<li>Patentierter Verstellmechanismus<\/li>\n<li>Innovativer Anbindungsmechanismus ans Fahrzeug<\/li>\n<li>Reduzierte Breite bringt Vorteile im Stadtverkehr<\/li>\n<li>Topcase: leichter An- und Abbau der Koffer mittels Schnellverschluss<\/li>\n<li>Gro\u00dfer GS-Schriftzug<\/li>\n<\/ul>\n","protected":false},"featured_media":2098,"template":"","meta":{"_links_to":"","_links_to_target":""},"product_cat":[52,41,46],"product_tag":[104,128,240,345,355],"acf":[],"_links":{"self":[{"href":"https:\/\/motowalser.ch\/shop\/wp-json\/wp\/v2\/product\/2084"}],"collection":[{"href":"https:\/\/motowalser.ch\/shop\/wp-json\/wp\/v2\/product"}],"about":[{"href":"https:\/\/motowalser.ch\/shop\/wp-json\/wp\/v2\/types\/product"}],"wp:featuredmedia":[{"embeddable":true,"href":"https:\/\/motowalser.ch\/shop\/wp-json\/wp\/v2\/media\/2098"}],"wp:attachment":[{"href":"https:\/\/motowalser.ch\/shop\/wp-json\/wp\/v2\/media?parent=2084"}],"wp:term":[{"taxonomy":"product_cat","embeddable":true,"href":"https:\/\/motowalser.ch\/shop\/wp-json\/wp\/v2\/product_cat?post=2084"},{"taxonomy":"product_tag","embeddable":true,"href":"https:\/\/motowalser.ch\/shop\/wp-json\/wp\/v2\/product_tag?post=2084"}],"curies":[{"name":"wp","href":"https:\/\/api.w.org\/{rel}","templated":true}]}}