{"id":2077,"date":"2022-09-13T08:59:49","date_gmt":"2022-09-13T06:59:49","guid":{"rendered":"https:\/\/motowalser.ch\/shop\/?post_type=product&#038;p=2077"},"modified":"2024-08-13T22:00:34","modified_gmt":"2024-08-13T20:00:34","slug":"akrapovic-auspuff-fuer-r1250gs","status":"publish","type":"product","link":"https:\/\/motowalser.ch\/shop\/produkt\/akrapovic-auspuff-fuer-r1250gs\/","title":{"rendered":"Akrapovic Auspuff f\u00fcr R1250GS"},"content":{"rendered":"","protected":false},"excerpt":{"rendered":"<p>Der hochwertige Slip-On-Schalld\u00e4mpfer aus Titan mit Carbon-Abschlusskappe sorgt f\u00fcr kernigen Sound und sportliche Optik.<\/p>\n<ul>\n<li>Hochwertiger, durch das spezielle Material gepr\u00e4gter Look<\/li>\n<li>Mit dem Fahrzeug entwickelt und auf den Motor perfekt abgestimmt<\/li>\n<li>Deutlich leichter als der Serienschalld\u00e4mpfer<\/li>\n<\/ul>\n","protected":false},"featured_media":2078,"template":"","meta":{"_links_to":"","_links_to_target":""},"product_cat":[53,15,46],"product_tag":[199,350,167,128,351,240,227],"acf":[],"_links":{"self":[{"href":"https:\/\/motowalser.ch\/shop\/wp-json\/wp\/v2\/product\/2077"}],"collection":[{"href":"https:\/\/motowalser.ch\/shop\/wp-json\/wp\/v2\/product"}],"about":[{"href":"https:\/\/motowalser.ch\/shop\/wp-json\/wp\/v2\/types\/product"}],"wp:featuredmedia":[{"embeddable":true,"href":"https:\/\/motowalser.ch\/shop\/wp-json\/wp\/v2\/media\/2078"}],"wp:attachment":[{"href":"https:\/\/motowalser.ch\/shop\/wp-json\/wp\/v2\/media?parent=2077"}],"wp:term":[{"taxonomy":"product_cat","embeddable":true,"href":"https:\/\/motowalser.ch\/shop\/wp-json\/wp\/v2\/product_cat?post=2077"},{"taxonomy":"product_tag","embeddable":true,"href":"https:\/\/motowalser.ch\/shop\/wp-json\/wp\/v2\/product_tag?post=2077"}],"curies":[{"name":"wp","href":"https:\/\/api.w.org\/{rel}","templated":true}]}}