{"id":2060,"date":"2022-09-13T07:57:46","date_gmt":"2022-09-13T05:57:46","guid":{"rendered":"https:\/\/motowalser.ch\/shop\/?post_type=product&#038;p=2060"},"modified":"2024-08-13T22:00:46","modified_gmt":"2024-08-13T20:00:46","slug":"alu-seitenkoffer-schwarz-lire","status":"publish","type":"product","link":"https:\/\/motowalser.ch\/shop\/produkt\/alu-seitenkoffer-schwarz-lire\/","title":{"rendered":"Aluminium Seitenkoffer Schwarz Li+Re"},"content":{"rendered":"","protected":false},"excerpt":{"rendered":"<p>Die perfekte L\u00f6sung f\u00fcr Tourenfans, die h\u00f6chste Anspr\u00fcche an sich und ihr Material stellen: Das Aluminium-Gep\u00e4cksystem bietet einen Stauraum von 112\u00a0l. Die robuste Transportausr\u00fcstung ist staub- und wasserdicht. Viele praktische Details \u00fcberzeugen auch unter Extrembedingungen.<\/p>\n<ul>\n<li>Hochwertiges und robustes Aluminium-Gep\u00e4cksystem<\/li>\n<li>Stauvolumen:\n<ul>\n<li>Koffer: 36\u00a0l (rechts), 44\u00a0l (links)<\/li>\n<\/ul>\n<\/li>\n<\/ul>\n<ul>\n<li>Gel\u00e4ndetauglich, staub- und wasserdicht<\/li>\n<li>Praktische Optionen: Tragegriff, Innentasche<\/li>\n<\/ul>\n","protected":false},"featured_media":2069,"template":"","meta":{"_links_to":"","_links_to_target":""},"product_cat":[52,15,46],"product_tag":[199,344,346,128,347,240,217,145,348],"acf":[],"_links":{"self":[{"href":"https:\/\/motowalser.ch\/shop\/wp-json\/wp\/v2\/product\/2060"}],"collection":[{"href":"https:\/\/motowalser.ch\/shop\/wp-json\/wp\/v2\/product"}],"about":[{"href":"https:\/\/motowalser.ch\/shop\/wp-json\/wp\/v2\/types\/product"}],"wp:featuredmedia":[{"embeddable":true,"href":"https:\/\/motowalser.ch\/shop\/wp-json\/wp\/v2\/media\/2069"}],"wp:attachment":[{"href":"https:\/\/motowalser.ch\/shop\/wp-json\/wp\/v2\/media?parent=2060"}],"wp:term":[{"taxonomy":"product_cat","embeddable":true,"href":"https:\/\/motowalser.ch\/shop\/wp-json\/wp\/v2\/product_cat?post=2060"},{"taxonomy":"product_tag","embeddable":true,"href":"https:\/\/motowalser.ch\/shop\/wp-json\/wp\/v2\/product_tag?post=2060"}],"curies":[{"name":"wp","href":"https:\/\/api.w.org\/{rel}","templated":true}]}}