{"id":2058,"date":"2022-09-13T07:43:57","date_gmt":"2022-09-13T05:43:57","guid":{"rendered":"https:\/\/motowalser.ch\/shop\/?post_type=product&#038;p=2058"},"modified":"2024-08-13T22:00:41","modified_gmt":"2024-08-13T20:00:41","slug":"alu-topcase-schwarz","status":"publish","type":"product","link":"https:\/\/motowalser.ch\/shop\/produkt\/alu-topcase-schwarz\/","title":{"rendered":"Aluminium Topcase Schwarz"},"content":{"rendered":"","protected":false},"excerpt":{"rendered":"<p>Die perfekte L\u00f6sung f\u00fcr Tourenfans, die h\u00f6chste Anspr\u00fcche an sich und ihr Material stellen: Das Aluminium-Gep\u00e4cksystem bietet einen Stauraum von 112\u00a0l. Die robuste Transportausr\u00fcstung ist staub- und wasserdicht. Viele praktische Details \u00fcberzeugen auch unter Extrembedingungen.<\/p>\n<ul>\n<li>Hochwertiges und robustes Aluminium-Gep\u00e4cksystem<\/li>\n<li>Stauvolumen:\n<ul>\n<li>Topcase: 32\u00a0l<\/li>\n<\/ul>\n<\/li>\n<li>Gel\u00e4ndetauglich, staub- und wasserdicht<\/li>\n<li>Praktische Optionen: Tragegriff, Innentasche<\/li>\n<\/ul>\n<p>Passend zu:<\/p>\n<p>Baureihe: K50 (R 1200 GS, R 1250 GS)<\/p>\n<p>Baureihe: K51 (R 1200 GS Adv., R 1250 GS Adv.)<\/p>\n<p>Baureihe: K81 (F 850 GS)<\/p>\n<p>Baureihe: K82 (F 850 GS Adventure)<\/p>\n","protected":false},"featured_media":2059,"template":"","meta":{"_links_to":"","_links_to_target":""},"product_cat":[52,15,46],"product_tag":[199,344,346,128,240,145,345],"acf":[],"_links":{"self":[{"href":"https:\/\/motowalser.ch\/shop\/wp-json\/wp\/v2\/product\/2058"}],"collection":[{"href":"https:\/\/motowalser.ch\/shop\/wp-json\/wp\/v2\/product"}],"about":[{"href":"https:\/\/motowalser.ch\/shop\/wp-json\/wp\/v2\/types\/product"}],"wp:featuredmedia":[{"embeddable":true,"href":"https:\/\/motowalser.ch\/shop\/wp-json\/wp\/v2\/media\/2059"}],"wp:attachment":[{"href":"https:\/\/motowalser.ch\/shop\/wp-json\/wp\/v2\/media?parent=2058"}],"wp:term":[{"taxonomy":"product_cat","embeddable":true,"href":"https:\/\/motowalser.ch\/shop\/wp-json\/wp\/v2\/product_cat?post=2058"},{"taxonomy":"product_tag","embeddable":true,"href":"https:\/\/motowalser.ch\/shop\/wp-json\/wp\/v2\/product_tag?post=2058"}],"curies":[{"name":"wp","href":"https:\/\/api.w.org\/{rel}","templated":true}]}}