{"id":1800,"date":"2022-06-23T11:24:46","date_gmt":"2022-06-23T09:24:46","guid":{"rendered":"https:\/\/motowalser.ch\/shop\/?post_type=product&#038;p=1800"},"modified":"2024-08-13T22:00:28","modified_gmt":"2024-08-13T20:00:28","slug":"keyring-motorsport","status":"publish","type":"product","link":"https:\/\/motowalser.ch\/shop\/produkt\/keyring-motorsport\/","title":{"rendered":"Keyring Motorsport"},"content":{"rendered":"","protected":false},"excerpt":{"rendered":"<p class=\"mnm-productdetails-description\">Schl\u00fcsselanh\u00e4nger mit Logo-Applikationen und graviertem Schl\u00fcsselring.<\/p>\n<p>&nbsp;<\/p>\n<div class=\"productdetails__list-wrapper \">\n<h4 class=\"headline-3\">Produktdetails<\/h4>\n<ul class=\"productdetails__list list\">\n<li>BMW Motorsport Streifen als Flachdruck auf der Vorderseite<\/li>\n<li>BMW Motorrad Gravur auf dem Schl\u00fcsselring<\/li>\n<li>Material: Polyurethan, Schl\u00fcsselring aus Metall<\/li>\n<\/ul>\n<\/div>\n","protected":false},"featured_media":1801,"template":"","meta":{"_links_to":"","_links_to_target":""},"product_cat":[41,43,24],"product_tag":[],"acf":[],"_links":{"self":[{"href":"https:\/\/motowalser.ch\/shop\/wp-json\/wp\/v2\/product\/1800"}],"collection":[{"href":"https:\/\/motowalser.ch\/shop\/wp-json\/wp\/v2\/product"}],"about":[{"href":"https:\/\/motowalser.ch\/shop\/wp-json\/wp\/v2\/types\/product"}],"wp:featuredmedia":[{"embeddable":true,"href":"https:\/\/motowalser.ch\/shop\/wp-json\/wp\/v2\/media\/1801"}],"wp:attachment":[{"href":"https:\/\/motowalser.ch\/shop\/wp-json\/wp\/v2\/media?parent=1800"}],"wp:term":[{"taxonomy":"product_cat","embeddable":true,"href":"https:\/\/motowalser.ch\/shop\/wp-json\/wp\/v2\/product_cat?post=1800"},{"taxonomy":"product_tag","embeddable":true,"href":"https:\/\/motowalser.ch\/shop\/wp-json\/wp\/v2\/product_tag?post=1800"}],"curies":[{"name":"wp","href":"https:\/\/api.w.org\/{rel}","templated":true}]}}