{"id":1798,"date":"2022-06-23T11:16:44","date_gmt":"2022-06-23T09:16:44","guid":{"rendered":"https:\/\/motowalser.ch\/shop\/?post_type=product&#038;p=1798"},"modified":"2024-01-24T14:22:17","modified_gmt":"2024-01-24T13:22:17","slug":"keyring-gs-logo","status":"publish","type":"product","link":"https:\/\/motowalser.ch\/shop\/produkt\/keyring-gs-logo\/","title":{"rendered":"Keyring GS Logo"},"content":{"rendered":"","protected":false},"excerpt":{"rendered":"<p class=\"mnm-productdetails-description\">Schl\u00fcsselanh\u00e4nger aus Aluminium mit Pr\u00e4gung.<\/p>\n<p>&nbsp;<\/p>\n<div class=\"productdetails__list-wrapper \">\n<h4 class=\"headline-3\">Produktdetails<\/h4>\n<ul class=\"productdetails__list list\">\n<li>Gelasertes GS Logo auf der Vorderseite der Aluminiumplatte<\/li>\n<li>BMW Motorrad Gravur auf Schl\u00fcsselring<\/li>\n<li>Material: Aluminium<\/li>\n<li>Farbe: Silber matt<\/li>\n<\/ul>\n<\/div>\n","protected":false},"featured_media":1799,"template":"","meta":{"_links_to":"","_links_to_target":""},"product_cat":[41,43,24],"product_tag":[104,128,254,253,236],"acf":[],"_links":{"self":[{"href":"https:\/\/motowalser.ch\/shop\/wp-json\/wp\/v2\/product\/1798"}],"collection":[{"href":"https:\/\/motowalser.ch\/shop\/wp-json\/wp\/v2\/product"}],"about":[{"href":"https:\/\/motowalser.ch\/shop\/wp-json\/wp\/v2\/types\/product"}],"wp:featuredmedia":[{"embeddable":true,"href":"https:\/\/motowalser.ch\/shop\/wp-json\/wp\/v2\/media\/1799"}],"wp:attachment":[{"href":"https:\/\/motowalser.ch\/shop\/wp-json\/wp\/v2\/media?parent=1798"}],"wp:term":[{"taxonomy":"product_cat","embeddable":true,"href":"https:\/\/motowalser.ch\/shop\/wp-json\/wp\/v2\/product_cat?post=1798"},{"taxonomy":"product_tag","embeddable":true,"href":"https:\/\/motowalser.ch\/shop\/wp-json\/wp\/v2\/product_tag?post=1798"}],"curies":[{"name":"wp","href":"https:\/\/api.w.org\/{rel}","templated":true}]}}