{"id":1785,"date":"2022-06-23T10:42:44","date_gmt":"2022-06-23T08:42:44","guid":{"rendered":"https:\/\/motowalser.ch\/shop\/?post_type=product&#038;p=1785"},"modified":"2022-11-11T08:00:31","modified_gmt":"2022-11-11T07:00:31","slug":"cap-xr","status":"publish","type":"product","link":"https:\/\/motowalser.ch\/shop\/produkt\/cap-xr\/","title":{"rendered":"Cap XR"},"content":{"rendered":"","protected":false},"excerpt":{"rendered":"<p class=\"mnm-productdetails-description\">5,5-Panel-Cap mit HD-Druck auf der Vorderseite.<\/p>\n<p>&nbsp;<\/p>\n<div class=\"productdetails__list-wrapper \">\n<h4 class=\"headline-3\">Produktdetails<\/h4>\n<ul class=\"productdetails__list list\">\n<li>S 1000 XR HD-Druck auf der Vorderseite<\/li>\n<li>Flach gestickter BMW Motorrad\u00a0Schriftzug \u00fcber R\u00fcckseiten\u00f6ffnung<\/li>\n<li>Schwarze\u00a0Bias Strips mit wei\u00dfem BMW Motorrad Schriftzug<\/li>\n<li>Hysteresenverschluss<\/li>\n<li>Material: 100 % Polyester<\/li>\n<li>Farbe: Schwarz<\/li>\n<li>Gr\u00f6\u00dfe: One Size<\/li>\n<\/ul>\n<\/div>\n","protected":false},"featured_media":1786,"template":"","meta":{"_links_to":"","_links_to_target":""},"product_cat":[58,41,43],"product_tag":[104,231,249,250,248],"acf":[],"_links":{"self":[{"href":"https:\/\/motowalser.ch\/shop\/wp-json\/wp\/v2\/product\/1785"}],"collection":[{"href":"https:\/\/motowalser.ch\/shop\/wp-json\/wp\/v2\/product"}],"about":[{"href":"https:\/\/motowalser.ch\/shop\/wp-json\/wp\/v2\/types\/product"}],"wp:featuredmedia":[{"embeddable":true,"href":"https:\/\/motowalser.ch\/shop\/wp-json\/wp\/v2\/media\/1786"}],"wp:attachment":[{"href":"https:\/\/motowalser.ch\/shop\/wp-json\/wp\/v2\/media?parent=1785"}],"wp:term":[{"taxonomy":"product_cat","embeddable":true,"href":"https:\/\/motowalser.ch\/shop\/wp-json\/wp\/v2\/product_cat?post=1785"},{"taxonomy":"product_tag","embeddable":true,"href":"https:\/\/motowalser.ch\/shop\/wp-json\/wp\/v2\/product_tag?post=1785"}],"curies":[{"name":"wp","href":"https:\/\/api.w.org\/{rel}","templated":true}]}}