{"id":1736,"date":"2022-06-20T16:56:22","date_gmt":"2022-06-20T14:56:22","guid":{"rendered":"https:\/\/motowalser.ch\/shop\/?post_type=product&#038;p=1736"},"modified":"2024-08-13T22:00:45","modified_gmt":"2024-08-13T20:00:45","slug":"t-shirt-bmw-m-motorsport","status":"publish","type":"product","link":"https:\/\/motowalser.ch\/shop\/produkt\/t-shirt-bmw-m-motorsport\/","title":{"rendered":"T-Shirt BMW M Motorsport"},"content":{"rendered":"","protected":false},"excerpt":{"rendered":"<p class=\"mnm-productdetails-description\">Dieses klassische wei\u00dfe T-Shirt passt allen Fans von BMW Motorsport. Vor allem der gro\u00dffl\u00e4chige Frontdruck mit dem Motorsport Bike in den typischen BMW M Farben l\u00e4sst Kennerherzen h\u00f6herschlagen. Klassischer Rundhals, l\u00e4ssiger Schnitt und hautfreundliches Material sorgen f\u00fcr entspannten Tragekomfort.<\/p>\n<p>&nbsp;<\/p>\n<div class=\"productdetails__list-wrapper \">\n<h4 class=\"headline-3\">Produktdetails<\/h4>\n<ul class=\"productdetails__list list\">\n<li>Klassisches Rundhals-T-Shirt<\/li>\n<li>Gro\u00dffl\u00e4chiger Frontdruck inklusive M Motorsport Schriftzug<\/li>\n<li>BMW Motorrad Logo auf linkem \u00c4rmel<\/li>\n<li>Material: 100 % Baumwolle, Single-Jersey<\/li>\n<li>Farbe: Wei\u00df<\/li>\n<\/ul>\n<\/div>\n","protected":false},"featured_media":1737,"template":"","meta":{"_links_to":"","_links_to_target":""},"product_cat":[41,42,43,30,31],"product_tag":[104,124,123,212,211],"acf":[],"_links":{"self":[{"href":"https:\/\/motowalser.ch\/shop\/wp-json\/wp\/v2\/product\/1736"}],"collection":[{"href":"https:\/\/motowalser.ch\/shop\/wp-json\/wp\/v2\/product"}],"about":[{"href":"https:\/\/motowalser.ch\/shop\/wp-json\/wp\/v2\/types\/product"}],"wp:featuredmedia":[{"embeddable":true,"href":"https:\/\/motowalser.ch\/shop\/wp-json\/wp\/v2\/media\/1737"}],"wp:attachment":[{"href":"https:\/\/motowalser.ch\/shop\/wp-json\/wp\/v2\/media?parent=1736"}],"wp:term":[{"taxonomy":"product_cat","embeddable":true,"href":"https:\/\/motowalser.ch\/shop\/wp-json\/wp\/v2\/product_cat?post=1736"},{"taxonomy":"product_tag","embeddable":true,"href":"https:\/\/motowalser.ch\/shop\/wp-json\/wp\/v2\/product_tag?post=1736"}],"curies":[{"name":"wp","href":"https:\/\/api.w.org\/{rel}","templated":true}]}}