{"id":1732,"date":"2022-06-20T16:51:27","date_gmt":"2022-06-20T14:51:27","guid":{"rendered":"https:\/\/motowalser.ch\/shop\/?post_type=product&#038;p=1732"},"modified":"2022-11-11T08:04:41","modified_gmt":"2022-11-11T07:04:41","slug":"cap-bmw-motorrad-gs","status":"publish","type":"product","link":"https:\/\/motowalser.ch\/shop\/produkt\/cap-bmw-motorrad-gs\/","title":{"rendered":"Cap BMW Motorrad GS"},"content":{"rendered":"","protected":false},"excerpt":{"rendered":"<p class=\"mnm-productdetails-description\">Diese Baseball Cap aus beigefarbenem Kunststoff mit Snapback-Verschluss ist ein Muss f\u00fcr jeden GS-Fan. Auf dem Schirm ist schr\u00e4g gedruckt das legend\u00e4re GS-Logo zu sehen, auf der linken Seite der gedruckte BMW Motorrad Schriftzug. Die Stoffperforation hinten verbessert die Luftzirkulation.<\/p>\n<p>&nbsp;<\/p>\n<div class=\"productdetails__list-wrapper \">\n<h4 class=\"headline-3\">Produktdetails<\/h4>\n<ul class=\"productdetails__list list\">\n<li>6-Panel-Baseball-Cap mit gebogenem Schirm<\/li>\n<li>Gedrucktes GS-Logo schr\u00e4g auf dem Schirm<\/li>\n<li>Gedruckter BMW Motorrad Schriftzug auf der linken Seite<\/li>\n<li>Stoffperforation hinten zur besseren Luftzirkulation<\/li>\n<li>Snapback-Verschluss<\/li>\n<li>Material: 95 % Polyester, 5 % Elastan<\/li>\n<li>Farbe: Beige<\/li>\n<\/ul>\n<\/div>\n","protected":false},"featured_media":1733,"template":"","meta":{"_links_to":"","_links_to_target":""},"product_cat":[58,41,43],"product_tag":[104,231,128,120],"acf":[],"_links":{"self":[{"href":"https:\/\/motowalser.ch\/shop\/wp-json\/wp\/v2\/product\/1732"}],"collection":[{"href":"https:\/\/motowalser.ch\/shop\/wp-json\/wp\/v2\/product"}],"about":[{"href":"https:\/\/motowalser.ch\/shop\/wp-json\/wp\/v2\/types\/product"}],"wp:featuredmedia":[{"embeddable":true,"href":"https:\/\/motowalser.ch\/shop\/wp-json\/wp\/v2\/media\/1733"}],"wp:attachment":[{"href":"https:\/\/motowalser.ch\/shop\/wp-json\/wp\/v2\/media?parent=1732"}],"wp:term":[{"taxonomy":"product_cat","embeddable":true,"href":"https:\/\/motowalser.ch\/shop\/wp-json\/wp\/v2\/product_cat?post=1732"},{"taxonomy":"product_tag","embeddable":true,"href":"https:\/\/motowalser.ch\/shop\/wp-json\/wp\/v2\/product_tag?post=1732"}],"curies":[{"name":"wp","href":"https:\/\/api.w.org\/{rel}","templated":true}]}}