{"id":1704,"date":"2022-06-20T16:28:26","date_gmt":"2022-06-20T14:28:26","guid":{"rendered":"https:\/\/motowalser.ch\/shop\/?post_type=product&#038;p=1704"},"modified":"2024-08-13T22:00:45","modified_gmt":"2024-08-13T20:00:45","slug":"t-shirt-r1250gs-adventure","status":"publish","type":"product","link":"https:\/\/motowalser.ch\/shop\/produkt\/t-shirt-r1250gs-adventure\/","title":{"rendered":"T-Shirt R1250GS Adventure"},"content":{"rendered":"","protected":false},"excerpt":{"rendered":"<p class=\"mnm-productdetails-description\">Das T-Shirt R 1250 GS Adventure zollt der K\u00f6nigin der Reise-Enduros Anerkennung. Ein gro\u00dffl\u00e4chiger Motivdruck mit dem Schriftzug &#8220;RALLYE GS&#8221; unterstreicht die eigentliche Bestimmung der BMW R 1250 GS Adventure. Ein Motorrad-Print komplettiert die Vorderseite.<\/p>\n<div class=\"productdetails__list-wrapper \">\n<h4 class=\"headline-3\">Produktdetails<\/h4>\n<ul class=\"productdetails__list list\">\n<li>T-Shirt mit Rundhalsausschnitt<\/li>\n<li>Gro\u00dffl\u00e4chiger Motivdruck mit Schriftzug &#8220;RALLYE GS&#8221; und Motorrad-Print auf der Vorderseite<\/li>\n<li>Material: 100% Baumwolle<\/li>\n<li>Farbe: Grau<\/li>\n<li>Gr\u00f6\u00dfe: XS-3XL<\/li>\n<\/ul>\n<\/div>\n","protected":false},"featured_media":1705,"template":"","meta":{"_links_to":"","_links_to_target":""},"product_cat":[41,43,30,31],"product_tag":[199,104,176,128,217],"acf":[],"_links":{"self":[{"href":"https:\/\/motowalser.ch\/shop\/wp-json\/wp\/v2\/product\/1704"}],"collection":[{"href":"https:\/\/motowalser.ch\/shop\/wp-json\/wp\/v2\/product"}],"about":[{"href":"https:\/\/motowalser.ch\/shop\/wp-json\/wp\/v2\/types\/product"}],"wp:featuredmedia":[{"embeddable":true,"href":"https:\/\/motowalser.ch\/shop\/wp-json\/wp\/v2\/media\/1705"}],"wp:attachment":[{"href":"https:\/\/motowalser.ch\/shop\/wp-json\/wp\/v2\/media?parent=1704"}],"wp:term":[{"taxonomy":"product_cat","embeddable":true,"href":"https:\/\/motowalser.ch\/shop\/wp-json\/wp\/v2\/product_cat?post=1704"},{"taxonomy":"product_tag","embeddable":true,"href":"https:\/\/motowalser.ch\/shop\/wp-json\/wp\/v2\/product_tag?post=1704"}],"curies":[{"name":"wp","href":"https:\/\/api.w.org\/{rel}","templated":true}]}}