{"id":1683,"date":"2022-06-20T16:20:41","date_gmt":"2022-06-20T14:20:41","guid":{"rendered":"https:\/\/motowalser.ch\/shop\/?post_type=product&#038;p=1683"},"modified":"2024-08-13T22:00:46","modified_gmt":"2024-08-13T20:00:46","slug":"t-shirt-roadster-r1250r","status":"publish","type":"product","link":"https:\/\/motowalser.ch\/shop\/produkt\/t-shirt-roadster-r1250r\/","title":{"rendered":"T-Shirt Roadster R1250R"},"content":{"rendered":"","protected":false},"excerpt":{"rendered":"<p class=\"mnm-productdetails-description\">Das T-Shirt Roadster R 1250 R mit Rundhalsausschnitt steht f\u00fcr unverf\u00e4lschten Roadster-Spa\u00df. Ein gro\u00dffl\u00e4chiger Motivdruck mit &#8220;BMW Motorrad&#8221;-Schriftzug und Motorrad-Print ziert die R\u00fcckseite. Ein kleiner Frontdruck mit Schriftzug pr\u00e4sentiert sich auf der linken Brust. BMW Motorrad Schriftzug und BMW Logo auf den \u00c4rmeln komplettieren das Design.<\/p>\n<div class=\"productdetails__list-wrapper \">\n<h4 class=\"headline-3\">Produktdetails<\/h4>\n<ul class=\"productdetails__list list\">\n<li>T-Shirt mit Rundhalsausschnitt<\/li>\n<li>Gro\u00dffl\u00e4chiger Motivdruck mit Schriftzug &#8220;BMW Motorrad&#8221; und Motorrad-Print auf der R\u00fcckseite<\/li>\n<li>Kleiner Frontdruck mit Schriftzug auf der linken Brust<\/li>\n<li>Material: 100% Baumwolle<\/li>\n<li>Farbe: Wei\u00df<\/li>\n<li>Gr\u00f6\u00dfe: XS\u20134XL\n<p class=\"mnm-productdetails-description\">Das T-Shirt Roadster R 1250 R mit Rundhalsausschnitt steht f\u00fcr unverf\u00e4lschten Roadster-Spa\u00df. Ein gro\u00dffl\u00e4chiger Motivdruck mit &#8220;BMW Motorrad&#8221;-Schriftzug und Motorrad-Print ziert die R\u00fcckseite. Ein kleiner Frontdruck mit Schriftzug pr\u00e4sentiert sich auf der linken Brust. BMW Motorrad Schriftzug und BMW Logo auf den \u00c4rmeln komplettieren das Design.<\/p>\n<div class=\"productdetails__list-wrapper \">\n<h4><\/h4>\n<h4 class=\"headline-3\">Produktdetails<\/h4>\n<ul class=\"productdetails__list list\">\n<li>T-Shirt mit Rundhalsausschnitt<\/li>\n<li>Gro\u00dffl\u00e4chiger Motivdruck mit Schriftzug &#8220;BMW Motorrad&#8221; und Motorrad-Print auf der R\u00fcckseite<\/li>\n<li>Kleiner Frontdruck mit Schriftzug auf der linken Brust<\/li>\n<li>Material: 100% Baumwolle<\/li>\n<li>Farbe: Wei\u00df<\/li>\n<li>Gr\u00f6\u00dfe: XS\u20133XL<\/li>\n<\/ul>\n<\/div>\n<\/li>\n<\/ul>\n<\/div>\n","protected":false},"featured_media":1691,"template":"","meta":{"_links_to":"","_links_to_target":""},"product_cat":[41,43,30],"product_tag":[214,213,215,212,211,175],"acf":[],"_links":{"self":[{"href":"https:\/\/motowalser.ch\/shop\/wp-json\/wp\/v2\/product\/1683"}],"collection":[{"href":"https:\/\/motowalser.ch\/shop\/wp-json\/wp\/v2\/product"}],"about":[{"href":"https:\/\/motowalser.ch\/shop\/wp-json\/wp\/v2\/types\/product"}],"wp:featuredmedia":[{"embeddable":true,"href":"https:\/\/motowalser.ch\/shop\/wp-json\/wp\/v2\/media\/1691"}],"wp:attachment":[{"href":"https:\/\/motowalser.ch\/shop\/wp-json\/wp\/v2\/media?parent=1683"}],"wp:term":[{"taxonomy":"product_cat","embeddable":true,"href":"https:\/\/motowalser.ch\/shop\/wp-json\/wp\/v2\/product_cat?post=1683"},{"taxonomy":"product_tag","embeddable":true,"href":"https:\/\/motowalser.ch\/shop\/wp-json\/wp\/v2\/product_tag?post=1683"}],"curies":[{"name":"wp","href":"https:\/\/api.w.org\/{rel}","templated":true}]}}