{"id":1364,"date":"2022-06-13T11:53:21","date_gmt":"2022-06-13T09:53:21","guid":{"rendered":"https:\/\/motowalser.ch\/shop\/?post_type=product&#038;p=1364"},"modified":"2024-08-13T22:00:45","modified_gmt":"2024-08-13T20:00:45","slug":"helm-sao-paulo","status":"publish","type":"product","link":"https:\/\/motowalser.ch\/shop\/produkt\/helm-sao-paulo\/","title":{"rendered":"Helm Sao Paulo"},"content":{"rendered":"","protected":false},"excerpt":{"rendered":"<p>Modisch, komfortabel und sicher durch die Gro\u00dfstadt \u2013 daf\u00fcr steht der Helm Sao\u00a0Paulo mit langem Visier und integrierter Sonnenblende. Die verschlie\u00dfbaren L\u00fcftungselemente am Oberkopf und Spoiler beugen Hitzestau vor. Sie sind \u00e4u\u00dferst aerodynamisch und damit effizient gestaltet. Praktisch: das herausnehm- und waschbare Innenpolster.<\/p>\n<ul>\n<li>Moderner Jethelm<\/li>\n<li>Erh\u00f6hter Komfort durch langes Visier<\/li>\n<li>Sicherheitsplus dank integrierter Sonnenblende<\/li>\n<li>Verschlie\u00dfbare L\u00fcftungselemente zur Be- und Entl\u00fcftung<\/li>\n<li>Herausnehm- und waschbares Innenpolster<\/li>\n<li>Glasfaserverst\u00e4rkte Helmschale<\/li>\n<li>Nur so gro\u00df wie unbedingt n\u00f6tig dank zweier Helmschalengr\u00f6\u00dfen<\/li>\n<\/ul>\n","protected":false},"featured_media":1445,"template":"","meta":{"_links_to":"","_links_to_target":""},"product_cat":[41,42,28],"product_tag":[104,193,195,93,187,196,149,197,189,191,194,188,190,192,198],"acf":[],"_links":{"self":[{"href":"https:\/\/motowalser.ch\/shop\/wp-json\/wp\/v2\/product\/1364"}],"collection":[{"href":"https:\/\/motowalser.ch\/shop\/wp-json\/wp\/v2\/product"}],"about":[{"href":"https:\/\/motowalser.ch\/shop\/wp-json\/wp\/v2\/types\/product"}],"wp:featuredmedia":[{"embeddable":true,"href":"https:\/\/motowalser.ch\/shop\/wp-json\/wp\/v2\/media\/1445"}],"wp:attachment":[{"href":"https:\/\/motowalser.ch\/shop\/wp-json\/wp\/v2\/media?parent=1364"}],"wp:term":[{"taxonomy":"product_cat","embeddable":true,"href":"https:\/\/motowalser.ch\/shop\/wp-json\/wp\/v2\/product_cat?post=1364"},{"taxonomy":"product_tag","embeddable":true,"href":"https:\/\/motowalser.ch\/shop\/wp-json\/wp\/v2\/product_tag?post=1364"}],"curies":[{"name":"wp","href":"https:\/\/api.w.org\/{rel}","templated":true}]}}